{"id":4783,"date":"2021-05-20T10:02:11","date_gmt":"2021-05-20T07:02:11","guid":{"rendered":"https:\/\/www.elatek.com.tr\/en\/?page_id=4783"},"modified":"2021-08-12T21:17:41","modified_gmt":"2021-08-12T18:17:41","slug":"information-society-services","status":"publish","type":"page","link":"https:\/\/www.elatek.com.tr\/en\/information-society-services\/","title":{"rendered":"Information Society Services"},"content":{"rendered":"\t\t<div data-elementor-type=\"wp-page\" data-elementor-id=\"4783\" class=\"elementor elementor-4783\" data-elementor-settings=\"[]\">\n\t\t\t\t\t\t\t<div class=\"elementor-section-wrap\">\n\t\t\t\t\t        <section class=\"elementor-section elementor-top-section elementor-element elementor-element-4059694 elementor-section-boxed elementor-section-height-default elementor-section-height-default\" data-id=\"4059694\" data-element_type=\"section\" data-settings=\"{&quot;_ha_eqh_enable&quot;:false}\">\n            \n                        <div class=\"elementor-container elementor-column-gap-default \">\n                    <div class=\"elementor-column elementor-col-100 elementor-top-column elementor-element elementor-element-0a09938\" data-id=\"0a09938\" data-element_type=\"column\">\n            <div class=\"elementor-widget-wrap elementor-element-populated\">\n                        \t\t<div class=\"elementor-element elementor-element-19344ea elementor-widget elementor-widget-spacer\" data-id=\"19344ea\" data-element_type=\"widget\" data-widget_type=\"spacer.default\">\n\t\t\t\t<div class=\"elementor-widget-container\">\n\t\t\t\t\t<div class=\"elementor-spacer\">\n\t\t\t<div class=\"elementor-spacer-inner\"><\/div>\n\t\t<\/div>\n\t\t\t\t<\/div>\n\t\t\t\t<\/div>\n\t\t            <\/div>\n        <\/div>\n                            <\/div>\n        <\/section>\n                <section class=\"elementor-section elementor-top-section elementor-element elementor-element-987448a elementor-section-boxed elementor-section-height-default elementor-section-height-default\" data-id=\"987448a\" data-element_type=\"section\" data-settings=\"{&quot;_ha_eqh_enable&quot;:false}\">\n            \n                        <div class=\"elementor-container elementor-column-gap-default \">\n                    <div class=\"elementor-column elementor-col-100 elementor-top-column elementor-element elementor-element-70146f2\" data-id=\"70146f2\" data-element_type=\"column\">\n            <div class=\"elementor-widget-wrap elementor-element-populated\">\n                        \t\t<div class=\"elementor-element elementor-element-93fbe10 elementor-widget elementor-widget-ct_accordion\" data-id=\"93fbe10\" data-element_type=\"widget\" data-widget_type=\"ct_accordion.default\">\n\t\t\t\t<div class=\"elementor-widget-container\">\n\t\t\t    <div id=\"ct_accordion-93fbe10\" class=\"ct-accordion layout1 style1 \">\r\n                    <div class=\"ct-accordion-item active\">\r\n                <div class=\"ct-ac-title active\" data-target=\"#74102d2ct_accordion-93fbe10\">\r\n                    <a class=\"ct-ac-title-text\">\r\n                        <i aria-hidden=\"true\" class=\"flaticonv3 flaticonv3-company\"><\/i>                                                Company information                    <\/a>\r\n                <\/div>\r\n                <div id=\"74102d2ct_accordion-93fbe10\" class=\"ct-ac-content\" style=\"display:block;\">Company Type JOINT STOCK COMPANY<br \/>\n  Mersis 0330050240500013<br \/>\n  Trade Registry Office BURSA<br \/>\n  Trade Registry Number 53106<br \/>\n  Trade Name ELATEK KAU\u00c7UK SANAY\u0130 T\u0130CARET A.\u015e.<br \/>\n  Address DEM\u0130RTA\u015e ORGANIZED INDUSTRIAL ZONE UCGUL STREET NO.3 OSMANGAZI \/ BURSA<br \/>\n  Contact Information 0224 261 12 30 - www.elatek.com.tr<br \/>\n  Amount of Committed Capital 10,000,000<br \/>\n  Amount of Paid Capital 10,000,000<br \/>\n  Registration Date 27.11.2002<br \/>\n  Tax Office ERTU\u011eRULGAZ\u0130<br \/>\n  Tax Number 3300502405<br \/>\n  Sector RUBBER<\/div>\r\n            <\/div>\r\n                    <div class=\"ct-accordion-item \">\r\n                <div class=\"ct-ac-title \" data-target=\"#68a31f1ct_accordion-93fbe10\">\r\n                    <a class=\"ct-ac-title-text\">\r\n                        <i aria-hidden=\"true\" class=\"flaticon flaticon-teamwork\"><\/i>                                                Board of Directors                    <\/a>\r\n                <\/div>\r\n                <div id=\"68a31f1ct_accordion-93fbe10\" class=\"ct-ac-content\"> \tCHAIRMAN OF THE BOARD\tH\u00fcseyin De\u011firmencio\u011flu\t \t \t \t <br \/>\n \tVICE CHAIRMAN OF THE BOARD OF DIRECTORS\t\u00c7i\u011fdem De\u011firmencio\u011flu\t \t \t \t <br \/>\n \tBOARD MEMBER\tYakup De\u011firmencio\u011flu\t \t \t \t <br \/>\n \tBOARD MEMBER\tG\u00f6n\u00fcl De\u011firmencio\u011flu\t<\/div>\r\n            <\/div>\r\n                    <div class=\"ct-accordion-item \">\r\n                <div class=\"ct-ac-title \" data-target=\"#896d312ct_accordion-93fbe10\">\r\n                    <a class=\"ct-ac-title-text\">\r\n                        <i aria-hidden=\"true\" class=\"material zmdi zmdi-assignment-check\"><\/i>                                                Auditor                    <\/a>\r\n                <\/div>\r\n                <div id=\"896d312ct_accordion-93fbe10\" class=\"ct-ac-content\"> \tD\u00f6nem \tYILLIK\t \t \t \t <br \/>\n \tName Surname \/ Trade Name\tPWC BA\u011eIMSIZ DENET\u0130M VE SERBEST MUHASEBEC\u0130 MAL\u0130 M\u00dc\u015eAV\u0130RL\u0130K A.\u015e.\t <br \/>\n \tIndependent Audit Official Registry\t201465\t \t \t \t <br \/>\n \tAdress\tSULEYMAN SEBA CD. BJK PLAZA NO:48 E BLOK K:9 34357 BESIKTAS ISTANBUL TR<\/div>\r\n            <\/div>\r\n            <\/div>\r\n\t\t<\/div>\n\t\t\t\t<\/div>\n\t\t\t\t<div class=\"elementor-element elementor-element-151e6de elementor-widget elementor-widget-spacer\" data-id=\"151e6de\" data-element_type=\"widget\" data-widget_type=\"spacer.default\">\n\t\t\t\t<div class=\"elementor-widget-container\">\n\t\t\t\t\t<div class=\"elementor-spacer\">\n\t\t\t<div class=\"elementor-spacer-inner\"><\/div>\n\t\t<\/div>\n\t\t\t\t<\/div>\n\t\t\t\t<\/div>\n\t\t            <\/div>\n        <\/div>\n                            <\/div>\n        <\/section>\n        \t\t\t\t<\/div>\n\t\t\t\t\t<\/div>\n\t\t","protected":false},"excerpt":{"rendered":"<p>Company information Company Type JOINT STOCK COMPANY Mersis 0330050240500013 Trade Registry Office BURSA Trade Registry Number 53106 Trade Name ELATEK KAU\u00c7UK SANAY\u0130 T\u0130CARET A.\u015e. Address DEM\u0130RTA\u015e ORGANIZED INDUSTRIAL ZONE UCGUL STREET NO.3 OSMANGAZI \/ BURSA Contact Information 0224 261 12 30 &#8211; www.elatek.com.tr Amount of Committed Capital 10,000,000 Amount of Paid Capital 10,000,000 Registration Date [&hellip;]<\/p>\n","protected":false},"author":1,"featured_media":0,"parent":0,"menu_order":0,"comment_status":"closed","ping_status":"closed","template":"","meta":{"footnotes":""},"class_list":["post-4783","page","type-page","status-publish","hentry"],"yoast_head":"<!-- This site is optimized with the Yoast SEO plugin v16.9 - https:\/\/yoast.com\/wordpress\/plugins\/seo\/ -->\n<title>Information Society Services - Elatek<\/title>\n<meta name=\"robots\" content=\"index, follow, max-snippet:-1, max-image-preview:large, max-video-preview:-1\" \/>\n<link rel=\"canonical\" href=\"https:\/\/www.elatek.com.tr\/en\/information-society-services\/\" \/>\n<meta property=\"og:locale\" content=\"en_US\" \/>\n<meta property=\"og:type\" content=\"article\" \/>\n<meta property=\"og:title\" content=\"Information Society Services - Elatek\" \/>\n<meta property=\"og:description\" content=\"Company information Company Type JOINT STOCK COMPANY Mersis 0330050240500013 Trade Registry Office BURSA Trade Registry Number 53106 Trade Name ELATEK KAU\u00c7UK SANAY\u0130 T\u0130CARET A.\u015e. Address DEM\u0130RTA\u015e ORGANIZED INDUSTRIAL ZONE UCGUL STREET NO.3 OSMANGAZI \/ BURSA Contact Information 0224 261 12 30 &#8211; www.elatek.com.tr Amount of Committed Capital 10,000,000 Amount of Paid Capital 10,000,000 Registration Date [&hellip;]\" \/>\n<meta property=\"og:url\" content=\"https:\/\/www.elatek.com.tr\/en\/information-society-services\/\" \/>\n<meta property=\"og:site_name\" content=\"Elatek\" \/>\n<meta property=\"article:publisher\" content=\"https:\/\/tr-tr.facebook.com\/elatekkaucuksanticas\" \/>\n<meta property=\"article:modified_time\" content=\"2021-08-12T18:17:41+00:00\" \/>\n<meta name=\"twitter:card\" content=\"summary_large_image\" \/>\n<meta name=\"twitter:label1\" content=\"Est. reading time\" \/>\n\t<meta name=\"twitter:data1\" content=\"1 minute\" \/>\n<script type=\"application\/ld+json\" class=\"yoast-schema-graph\">{\"@context\":\"https:\/\/schema.org\",\"@graph\":[{\"@type\":\"Organization\",\"@id\":\"https:\/\/www.elatek.com.tr\/en\/#organization\",\"name\":\"Elatek Kau\\u00e7uk Sanayi Ticaret A.\\u015e\",\"url\":\"https:\/\/www.elatek.com.tr\/en\/\",\"sameAs\":[\"https:\/\/tr-tr.facebook.com\/elatekkaucuksanticas\",\"https:\/\/www.instagram.com\/elatekkaucuk\/\",\"https:\/\/tr.linkedin.com\/company\/elatekkaucuk-san-tic-as\"],\"logo\":{\"@type\":\"ImageObject\",\"@id\":\"https:\/\/www.elatek.com.tr\/en\/#logo\",\"inLanguage\":\"en-US\",\"url\":\"https:\/\/www.elatek.com.tr\/en\/wp-content\/uploads\/2021\/05\/logo_Normal.png\",\"contentUrl\":\"https:\/\/www.elatek.com.tr\/en\/wp-content\/uploads\/2021\/05\/logo_Normal.png\",\"width\":218,\"height\":43,\"caption\":\"Elatek Kau\\u00e7uk Sanayi Ticaret A.\\u015e\"},\"image\":{\"@id\":\"https:\/\/www.elatek.com.tr\/en\/#logo\"}},{\"@type\":\"WebSite\",\"@id\":\"https:\/\/www.elatek.com.tr\/en\/#website\",\"url\":\"https:\/\/www.elatek.com.tr\/en\/\",\"name\":\"Elatek Kau\\u00e7uk Sanayi Ticaret A.\\u015e\",\"description\":\"\",\"publisher\":{\"@id\":\"https:\/\/www.elatek.com.tr\/en\/#organization\"},\"potentialAction\":[{\"@type\":\"SearchAction\",\"target\":{\"@type\":\"EntryPoint\",\"urlTemplate\":\"https:\/\/www.elatek.com.tr\/en\/?s={search_term_string}\"},\"query-input\":\"required name=search_term_string\"}],\"inLanguage\":\"en-US\"},{\"@type\":\"WebPage\",\"@id\":\"https:\/\/www.elatek.com.tr\/en\/information-society-services\/#webpage\",\"url\":\"https:\/\/www.elatek.com.tr\/en\/information-society-services\/\",\"name\":\"Information Society Services - Elatek\",\"isPartOf\":{\"@id\":\"https:\/\/www.elatek.com.tr\/en\/#website\"},\"datePublished\":\"2021-05-20T07:02:11+00:00\",\"dateModified\":\"2021-08-12T18:17:41+00:00\",\"breadcrumb\":{\"@id\":\"https:\/\/www.elatek.com.tr\/en\/information-society-services\/#breadcrumb\"},\"inLanguage\":\"en-US\",\"potentialAction\":[{\"@type\":\"ReadAction\",\"target\":[\"https:\/\/www.elatek.com.tr\/en\/information-society-services\/\"]}]},{\"@type\":\"BreadcrumbList\",\"@id\":\"https:\/\/www.elatek.com.tr\/en\/information-society-services\/#breadcrumb\",\"itemListElement\":[{\"@type\":\"ListItem\",\"position\":1,\"name\":\"Anasayfa\",\"item\":\"https:\/\/www.elatek.com.tr\/en\/\"},{\"@type\":\"ListItem\",\"position\":2,\"name\":\"Information Society Services\"}]}]}<\/script>\n<!-- \/ Yoast SEO plugin. -->","yoast_head_json":{"title":"Information Society Services - Elatek","robots":{"index":"index","follow":"follow","max-snippet":"max-snippet:-1","max-image-preview":"max-image-preview:large","max-video-preview":"max-video-preview:-1"},"canonical":"https:\/\/www.elatek.com.tr\/en\/information-society-services\/","og_locale":"en_US","og_type":"article","og_title":"Information Society Services - Elatek","og_description":"Company information Company Type JOINT STOCK COMPANY Mersis 0330050240500013 Trade Registry Office BURSA Trade Registry Number 53106 Trade Name ELATEK KAU\u00c7UK SANAY\u0130 T\u0130CARET A.\u015e. Address DEM\u0130RTA\u015e ORGANIZED INDUSTRIAL ZONE UCGUL STREET NO.3 OSMANGAZI \/ BURSA Contact Information 0224 261 12 30 &#8211; www.elatek.com.tr Amount of Committed Capital 10,000,000 Amount of Paid Capital 10,000,000 Registration Date [&hellip;]","og_url":"https:\/\/www.elatek.com.tr\/en\/information-society-services\/","og_site_name":"Elatek","article_publisher":"https:\/\/tr-tr.facebook.com\/elatekkaucuksanticas","article_modified_time":"2021-08-12T18:17:41+00:00","twitter_card":"summary_large_image","twitter_misc":{"Est. reading time":"1 minute"},"schema":{"@context":"https:\/\/schema.org","@graph":[{"@type":"Organization","@id":"https:\/\/www.elatek.com.tr\/en\/#organization","name":"Elatek Kau\u00e7uk Sanayi Ticaret A.\u015e","url":"https:\/\/www.elatek.com.tr\/en\/","sameAs":["https:\/\/tr-tr.facebook.com\/elatekkaucuksanticas","https:\/\/www.instagram.com\/elatekkaucuk\/","https:\/\/tr.linkedin.com\/company\/elatekkaucuk-san-tic-as"],"logo":{"@type":"ImageObject","@id":"https:\/\/www.elatek.com.tr\/en\/#logo","inLanguage":"en-US","url":"https:\/\/www.elatek.com.tr\/en\/wp-content\/uploads\/2021\/05\/logo_Normal.png","contentUrl":"https:\/\/www.elatek.com.tr\/en\/wp-content\/uploads\/2021\/05\/logo_Normal.png","width":218,"height":43,"caption":"Elatek Kau\u00e7uk Sanayi Ticaret A.\u015e"},"image":{"@id":"https:\/\/www.elatek.com.tr\/en\/#logo"}},{"@type":"WebSite","@id":"https:\/\/www.elatek.com.tr\/en\/#website","url":"https:\/\/www.elatek.com.tr\/en\/","name":"Elatek Kau\u00e7uk Sanayi Ticaret A.\u015e","description":"","publisher":{"@id":"https:\/\/www.elatek.com.tr\/en\/#organization"},"potentialAction":[{"@type":"SearchAction","target":{"@type":"EntryPoint","urlTemplate":"https:\/\/www.elatek.com.tr\/en\/?s={search_term_string}"},"query-input":"required name=search_term_string"}],"inLanguage":"en-US"},{"@type":"WebPage","@id":"https:\/\/www.elatek.com.tr\/en\/information-society-services\/#webpage","url":"https:\/\/www.elatek.com.tr\/en\/information-society-services\/","name":"Information Society Services - Elatek","isPartOf":{"@id":"https:\/\/www.elatek.com.tr\/en\/#website"},"datePublished":"2021-05-20T07:02:11+00:00","dateModified":"2021-08-12T18:17:41+00:00","breadcrumb":{"@id":"https:\/\/www.elatek.com.tr\/en\/information-society-services\/#breadcrumb"},"inLanguage":"en-US","potentialAction":[{"@type":"ReadAction","target":["https:\/\/www.elatek.com.tr\/en\/information-society-services\/"]}]},{"@type":"BreadcrumbList","@id":"https:\/\/www.elatek.com.tr\/en\/information-society-services\/#breadcrumb","itemListElement":[{"@type":"ListItem","position":1,"name":"Anasayfa","item":"https:\/\/www.elatek.com.tr\/en\/"},{"@type":"ListItem","position":2,"name":"Information Society Services"}]}]}},"_links":{"self":[{"href":"https:\/\/www.elatek.com.tr\/en\/wp-json\/wp\/v2\/pages\/4783","targetHints":{"allow":["GET"]}}],"collection":[{"href":"https:\/\/www.elatek.com.tr\/en\/wp-json\/wp\/v2\/pages"}],"about":[{"href":"https:\/\/www.elatek.com.tr\/en\/wp-json\/wp\/v2\/types\/page"}],"author":[{"embeddable":true,"href":"https:\/\/www.elatek.com.tr\/en\/wp-json\/wp\/v2\/users\/1"}],"replies":[{"embeddable":true,"href":"https:\/\/www.elatek.com.tr\/en\/wp-json\/wp\/v2\/comments?post=4783"}],"version-history":[{"count":30,"href":"https:\/\/www.elatek.com.tr\/en\/wp-json\/wp\/v2\/pages\/4783\/revisions"}],"predecessor-version":[{"id":5540,"href":"https:\/\/www.elatek.com.tr\/en\/wp-json\/wp\/v2\/pages\/4783\/revisions\/5540"}],"wp:attachment":[{"href":"https:\/\/www.elatek.com.tr\/en\/wp-json\/wp\/v2\/media?parent=4783"}],"curies":[{"name":"wp","href":"https:\/\/api.w.org\/{rel}","templated":true}]}}