{"id":5297,"date":"2021-05-20T10:06:15","date_gmt":"2021-05-20T07:06:15","guid":{"rendered":"https:\/\/elatek.com.tr\/de\/?page_id=5297"},"modified":"2021-08-14T01:10:44","modified_gmt":"2021-08-13T22:10:44","slug":"unsere-isg-politik","status":"publish","type":"page","link":"https:\/\/www.elatek.com.tr\/de\/unsere-isg-politik\/","title":{"rendered":"Unsere ISG Politik"},"content":{"rendered":"\t\t<div data-elementor-type=\"wp-page\" data-elementor-id=\"5297\" class=\"elementor elementor-5297\" data-elementor-settings=\"[]\">\n\t\t\t\t\t\t\t<div class=\"elementor-section-wrap\">\n\t\t\t\t\t        <section class=\"elementor-section elementor-top-section elementor-element elementor-element-bf4d915 elementor-section-boxed elementor-section-height-default elementor-section-height-default\" data-id=\"bf4d915\" data-element_type=\"section\" data-settings=\"{&quot;_ha_eqh_enable&quot;:false}\">\n            \n                        <div class=\"elementor-container elementor-column-gap-extended \">\n                    <div class=\"elementor-column elementor-col-50 elementor-top-column elementor-element elementor-element-5282614\" data-id=\"5282614\" data-element_type=\"column\">\n            <div class=\"elementor-widget-wrap elementor-element-populated\">\n                        \t\t<div class=\"elementor-element elementor-element-9d091b6 elementor-widget elementor-widget-ct_heading\" data-id=\"9d091b6\" data-element_type=\"widget\" data-widget_type=\"ct_heading.default\">\n\t\t\t\t<div class=\"elementor-widget-container\">\n\t\t\t<div class=\"ct-heading h-align-  sub- ct-heading-left item-st-line-left1\" data-wow-delay=\"ms\">\r\n\t    <h3 class=\"item--title st-line-left1\">\r\n                <span>\r\n                            <i><\/i>\r\n                        Unsere ISG Politik                    <\/span>\r\n            <\/h3>\r\n<\/div>\t\t<\/div>\n\t\t\t\t<\/div>\n\t\t        <section class=\"elementor-section elementor-inner-section elementor-element elementor-element-6b326e2 elementor-section-boxed elementor-section-height-default elementor-section-height-default\" data-id=\"6b326e2\" data-element_type=\"section\" data-settings=\"{&quot;_ha_eqh_enable&quot;:false}\">\n            \n                        <div class=\"elementor-container elementor-column-gap-extended \">\n                    <div class=\"elementor-column elementor-col-100 elementor-inner-column elementor-element elementor-element-71555f1\" data-id=\"71555f1\" data-element_type=\"column\">\n            <div class=\"elementor-widget-wrap elementor-element-populated\">\n                        \t\t<div class=\"elementor-element elementor-element-176c3a2 elementor-widget elementor-widget-text-editor\" data-id=\"176c3a2\" data-element_type=\"widget\" data-widget_type=\"text-editor.default\">\n\t\t\t\t<div class=\"elementor-widget-container\">\n\t\t\t\t\t\t\t\t<p>Als ELATEK m\u00f6chten wir unseren Mitarbeitern ein sichereres und ges\u00fcnderes Arbeitsumfeld bieten. Dazu machen wir es uns zur Aufgabe, eine Kultur des Arbeits- und Gesundheitsschutzes zu schaffen und dies als unser Lebensstil zu gew\u00e4hrleisten.<\/p><p>In diesem Zusammenhang;<\/p>\t\t\t\t\t\t<\/div>\n\t\t\t\t<\/div>\n\t\t\t\t<div class=\"elementor-element elementor-element-4b32f49 elementor-widget elementor-widget-text-editor\" data-id=\"4b32f49\" data-element_type=\"widget\" data-widget_type=\"text-editor.default\">\n\t\t\t\t<div class=\"elementor-widget-container\">\n\t\t\t\t\t\t\t\t<ul><li>Arbeitsunf\u00e4lle und Berufskrankheiten zu verhindern; Gef\u00e4hrdungen unter Beteiligung unserer Mitarbeiter zu beseitigen, Arbeitsschutzrisiken zu identifizieren und zu bewerten, Ma\u00dfnahmen zur Risikominderung zu ergreifen, unsere Risiken durch st\u00e4ndige \u00dcberwachung der Ergebnisse zu minimieren,<\/li><li>Sichere Ausr\u00fcstung und geeignete Technologien zu verwenden, um ein gesundes und sicheres Arbeitsumfeld zu schaffen,<\/li><li>Die gesetzlichen Verpflichtungen und die damit verbundenen Normen und Bedingungen zum Arbeitsschutz zu erf\u00fcllen,<\/li><li>Beratung und Beteiligung unserer Mitarbeiter, Arbeitnehmervertreter und Interessenvertreter aus allen Ebenen der Organisation an der Verbesserung der Arbeitsschutzpraktiken,<\/li><li>Unsere Prozesse kontinuierlich zu verbessern und unsere Leistung durch einen proaktiven Ansatz im Bereich Arbeitssicherheit und Gesundheitsschutz zu steigern,<\/li><li>Arbeitsschutzziele festzulegen, zu denen unsere Partner in jeder Phase einen Beitrag leisten k\u00f6nnen, Programme zur Erreichung dieser Ziele zu erstellen und umzusetzen und unser Arbeitsschutzmanagement und unsere Leistung durch \u00dcberpr\u00fcfung der Ergebnisse kontinuierlich zu verbessern,<\/li><li>Schulungen und Aktivit\u00e4ten f\u00fcr unsere Mitarbeiter und Mitarbeiter von Subunternehmer-\/Zulieferunternehmen, Besuchern und Praktikanten zu entwickeln und fortzuf\u00fchren, um unsere Arbeitsschutzgrunds\u00e4tze zu \u00fcbernehmen,<\/li><li>Wir verpflichten uns und erkl\u00e4ren hiermit, unseren Mitarbeitern, Interessenvertretern und Dritten unsere Arbeitsschutzrichtlinie bekannt zu geben und sie st\u00e4ndig offen zu halten.<\/li><\/ul>\t\t\t\t\t\t<\/div>\n\t\t\t\t<\/div>\n\t\t            <\/div>\n        <\/div>\n                            <\/div>\n        <\/section>\n        \t\t<div class=\"elementor-element elementor-element-12bf585 elementor-widget elementor-widget-spacer\" data-id=\"12bf585\" data-element_type=\"widget\" data-widget_type=\"spacer.default\">\n\t\t\t\t<div class=\"elementor-widget-container\">\n\t\t\t\t\t<div class=\"elementor-spacer\">\n\t\t\t<div class=\"elementor-spacer-inner\"><\/div>\n\t\t<\/div>\n\t\t\t\t<\/div>\n\t\t\t\t<\/div>\n\t\t            <\/div>\n        <\/div>\n                <div class=\"elementor-column elementor-col-50 elementor-top-column elementor-element elementor-element-07e4861\" data-id=\"07e4861\" data-element_type=\"column\">\n            <div class=\"elementor-widget-wrap elementor-element-populated\">\n                        \t\t<div class=\"elementor-element elementor-element-1548748 elementor-widget elementor-widget-image\" data-id=\"1548748\" data-element_type=\"widget\" data-widget_type=\"image.default\">\n\t\t\t\t<div class=\"elementor-widget-container\">\n\t\t\t\t\t\t\t\t\t\t\t\t\t\t\t<img width=\"558\" height=\"1206\" src=\"https:\/\/www.elatek.com.tr\/de\/wp-content\/uploads\/2021\/05\/isg.png\" class=\"attachment-full size-full\" alt=\"\" srcset=\"https:\/\/www.elatek.com.tr\/de\/wp-content\/uploads\/2021\/05\/isg.png 558w, https:\/\/www.elatek.com.tr\/de\/wp-content\/uploads\/2021\/05\/isg-139x300.png 139w, https:\/\/www.elatek.com.tr\/de\/wp-content\/uploads\/2021\/05\/isg-474x1024.png 474w\" sizes=\"(max-width: 558px) 100vw, 558px\" \/>\t\t\t\t\t\t\t\t\t\t\t\t\t\t\t<\/div>\n\t\t\t\t<\/div>\n\t\t            <\/div>\n        <\/div>\n                            <\/div>\n        <\/section>\n        \t\t\t\t<\/div>\n\t\t\t\t\t<\/div>\n\t\t","protected":false},"excerpt":{"rendered":"<p>Unsere ISG Politik Als ELATEK m\u00f6chten wir unseren Mitarbeitern ein sichereres und ges\u00fcnderes Arbeitsumfeld bieten. Dazu machen wir es uns zur Aufgabe, eine Kultur des Arbeits- und Gesundheitsschutzes zu schaffen und dies als unser Lebensstil zu gew\u00e4hrleisten. In diesem Zusammenhang; Arbeitsunf\u00e4lle und Berufskrankheiten zu verhindern; Gef\u00e4hrdungen unter Beteiligung unserer Mitarbeiter zu beseitigen, Arbeitsschutzrisiken zu identifizieren [&hellip;]<\/p>\n","protected":false},"author":1,"featured_media":0,"parent":0,"menu_order":0,"comment_status":"closed","ping_status":"closed","template":"","meta":[],"yoast_head":"<!-- This site is optimized with the Yoast SEO plugin v16.9 - https:\/\/yoast.com\/wordpress\/plugins\/seo\/ -->\n<title>Unsere ISG Politik - Elatek<\/title>\n<meta name=\"robots\" content=\"index, follow, max-snippet:-1, max-image-preview:large, max-video-preview:-1\" \/>\n<link rel=\"canonical\" href=\"https:\/\/www.elatek.com.tr\/de\/unsere-isg-politik\/\" \/>\n<meta property=\"og:locale\" content=\"de_DE\" \/>\n<meta property=\"og:type\" content=\"article\" \/>\n<meta property=\"og:title\" content=\"Unsere ISG Politik - Elatek\" \/>\n<meta property=\"og:description\" content=\"Unsere ISG Politik Als ELATEK m\u00f6chten wir unseren Mitarbeitern ein sichereres und ges\u00fcnderes Arbeitsumfeld bieten. Dazu machen wir es uns zur Aufgabe, eine Kultur des Arbeits- und Gesundheitsschutzes zu schaffen und dies als unser Lebensstil zu gew\u00e4hrleisten. In diesem Zusammenhang; Arbeitsunf\u00e4lle und Berufskrankheiten zu verhindern; Gef\u00e4hrdungen unter Beteiligung unserer Mitarbeiter zu beseitigen, Arbeitsschutzrisiken zu identifizieren [&hellip;]\" \/>\n<meta property=\"og:url\" content=\"https:\/\/www.elatek.com.tr\/de\/unsere-isg-politik\/\" \/>\n<meta property=\"og:site_name\" content=\"Elatek\" \/>\n<meta property=\"article:publisher\" content=\"https:\/\/tr-tr.facebook.com\/elatekkaucuksanticas\" \/>\n<meta property=\"article:modified_time\" content=\"2021-08-13T22:10:44+00:00\" \/>\n<meta property=\"og:image\" content=\"https:\/\/elatek.com.tr\/de\/wp-content\/uploads\/2021\/05\/isg.png\" \/>\n<meta name=\"twitter:card\" content=\"summary_large_image\" \/>\n<meta name=\"twitter:label1\" content=\"Gesch\u00e4tzte Lesezeit\" \/>\n\t<meta name=\"twitter:data1\" content=\"2 Minuten\" \/>\n<script type=\"application\/ld+json\" class=\"yoast-schema-graph\">{\"@context\":\"https:\/\/schema.org\",\"@graph\":[{\"@type\":\"Organization\",\"@id\":\"https:\/\/www.elatek.com.tr\/de\/#organization\",\"name\":\"Elatek Kau\\u00e7uk Sanayi Ticaret A.\\u015e\",\"url\":\"https:\/\/www.elatek.com.tr\/de\/\",\"sameAs\":[\"https:\/\/tr-tr.facebook.com\/elatekkaucuksanticas\",\"https:\/\/www.instagram.com\/elatekkaucuk\/\",\"https:\/\/tr.linkedin.com\/company\/elatekkaucuk-san-tic-as\"],\"logo\":{\"@type\":\"ImageObject\",\"@id\":\"https:\/\/www.elatek.com.tr\/de\/#logo\",\"inLanguage\":\"de-DE\",\"url\":\"https:\/\/elatek.com.tr\/de\/wp-content\/uploads\/2021\/05\/logo_Normal.png\",\"contentUrl\":\"https:\/\/elatek.com.tr\/de\/wp-content\/uploads\/2021\/05\/logo_Normal.png\",\"width\":218,\"height\":43,\"caption\":\"Elatek Kau\\u00e7uk Sanayi Ticaret A.\\u015e\"},\"image\":{\"@id\":\"https:\/\/www.elatek.com.tr\/de\/#logo\"}},{\"@type\":\"WebSite\",\"@id\":\"https:\/\/www.elatek.com.tr\/de\/#website\",\"url\":\"https:\/\/www.elatek.com.tr\/de\/\",\"name\":\"Elatek Kau\\u00e7uk Sanayi Ticaret A.\\u015e\",\"description\":\"\",\"publisher\":{\"@id\":\"https:\/\/www.elatek.com.tr\/de\/#organization\"},\"potentialAction\":[{\"@type\":\"SearchAction\",\"target\":{\"@type\":\"EntryPoint\",\"urlTemplate\":\"https:\/\/www.elatek.com.tr\/de\/?s={search_term_string}\"},\"query-input\":\"required name=search_term_string\"}],\"inLanguage\":\"de-DE\"},{\"@type\":\"ImageObject\",\"@id\":\"https:\/\/www.elatek.com.tr\/de\/unsere-isg-politik\/#primaryimage\",\"inLanguage\":\"de-DE\",\"url\":\"https:\/\/elatek.com.tr\/de\/wp-content\/uploads\/2021\/05\/isg.png\",\"contentUrl\":\"https:\/\/elatek.com.tr\/de\/wp-content\/uploads\/2021\/05\/isg.png\"},{\"@type\":\"WebPage\",\"@id\":\"https:\/\/www.elatek.com.tr\/de\/unsere-isg-politik\/#webpage\",\"url\":\"https:\/\/www.elatek.com.tr\/de\/unsere-isg-politik\/\",\"name\":\"Unsere ISG Politik - Elatek\",\"isPartOf\":{\"@id\":\"https:\/\/www.elatek.com.tr\/de\/#website\"},\"primaryImageOfPage\":{\"@id\":\"https:\/\/www.elatek.com.tr\/de\/unsere-isg-politik\/#primaryimage\"},\"datePublished\":\"2021-05-20T07:06:15+00:00\",\"dateModified\":\"2021-08-13T22:10:44+00:00\",\"breadcrumb\":{\"@id\":\"https:\/\/www.elatek.com.tr\/de\/unsere-isg-politik\/#breadcrumb\"},\"inLanguage\":\"de-DE\",\"potentialAction\":[{\"@type\":\"ReadAction\",\"target\":[\"https:\/\/www.elatek.com.tr\/de\/unsere-isg-politik\/\"]}]},{\"@type\":\"BreadcrumbList\",\"@id\":\"https:\/\/www.elatek.com.tr\/de\/unsere-isg-politik\/#breadcrumb\",\"itemListElement\":[{\"@type\":\"ListItem\",\"position\":1,\"name\":\"Anasayfa\",\"item\":\"https:\/\/www.elatek.com.tr\/de\/\"},{\"@type\":\"ListItem\",\"position\":2,\"name\":\"Unsere ISG Politik\"}]}]}<\/script>\n<!-- \/ Yoast SEO plugin. -->","yoast_head_json":{"title":"Unsere ISG Politik - Elatek","robots":{"index":"index","follow":"follow","max-snippet":"max-snippet:-1","max-image-preview":"max-image-preview:large","max-video-preview":"max-video-preview:-1"},"canonical":"https:\/\/www.elatek.com.tr\/de\/unsere-isg-politik\/","og_locale":"de_DE","og_type":"article","og_title":"Unsere ISG Politik - Elatek","og_description":"Unsere ISG Politik Als ELATEK m\u00f6chten wir unseren Mitarbeitern ein sichereres und ges\u00fcnderes Arbeitsumfeld bieten. Dazu machen wir es uns zur Aufgabe, eine Kultur des Arbeits- und Gesundheitsschutzes zu schaffen und dies als unser Lebensstil zu gew\u00e4hrleisten. In diesem Zusammenhang; Arbeitsunf\u00e4lle und Berufskrankheiten zu verhindern; Gef\u00e4hrdungen unter Beteiligung unserer Mitarbeiter zu beseitigen, Arbeitsschutzrisiken zu identifizieren [&hellip;]","og_url":"https:\/\/www.elatek.com.tr\/de\/unsere-isg-politik\/","og_site_name":"Elatek","article_publisher":"https:\/\/tr-tr.facebook.com\/elatekkaucuksanticas","article_modified_time":"2021-08-13T22:10:44+00:00","og_image":[{"url":"https:\/\/elatek.com.tr\/de\/wp-content\/uploads\/2021\/05\/isg.png"}],"twitter_card":"summary_large_image","twitter_misc":{"Gesch\u00e4tzte Lesezeit":"2 Minuten"},"schema":{"@context":"https:\/\/schema.org","@graph":[{"@type":"Organization","@id":"https:\/\/www.elatek.com.tr\/de\/#organization","name":"Elatek Kau\u00e7uk Sanayi Ticaret A.\u015e","url":"https:\/\/www.elatek.com.tr\/de\/","sameAs":["https:\/\/tr-tr.facebook.com\/elatekkaucuksanticas","https:\/\/www.instagram.com\/elatekkaucuk\/","https:\/\/tr.linkedin.com\/company\/elatekkaucuk-san-tic-as"],"logo":{"@type":"ImageObject","@id":"https:\/\/www.elatek.com.tr\/de\/#logo","inLanguage":"de-DE","url":"https:\/\/elatek.com.tr\/de\/wp-content\/uploads\/2021\/05\/logo_Normal.png","contentUrl":"https:\/\/elatek.com.tr\/de\/wp-content\/uploads\/2021\/05\/logo_Normal.png","width":218,"height":43,"caption":"Elatek Kau\u00e7uk Sanayi Ticaret A.\u015e"},"image":{"@id":"https:\/\/www.elatek.com.tr\/de\/#logo"}},{"@type":"WebSite","@id":"https:\/\/www.elatek.com.tr\/de\/#website","url":"https:\/\/www.elatek.com.tr\/de\/","name":"Elatek Kau\u00e7uk Sanayi Ticaret A.\u015e","description":"","publisher":{"@id":"https:\/\/www.elatek.com.tr\/de\/#organization"},"potentialAction":[{"@type":"SearchAction","target":{"@type":"EntryPoint","urlTemplate":"https:\/\/www.elatek.com.tr\/de\/?s={search_term_string}"},"query-input":"required name=search_term_string"}],"inLanguage":"de-DE"},{"@type":"ImageObject","@id":"https:\/\/www.elatek.com.tr\/de\/unsere-isg-politik\/#primaryimage","inLanguage":"de-DE","url":"https:\/\/elatek.com.tr\/de\/wp-content\/uploads\/2021\/05\/isg.png","contentUrl":"https:\/\/elatek.com.tr\/de\/wp-content\/uploads\/2021\/05\/isg.png"},{"@type":"WebPage","@id":"https:\/\/www.elatek.com.tr\/de\/unsere-isg-politik\/#webpage","url":"https:\/\/www.elatek.com.tr\/de\/unsere-isg-politik\/","name":"Unsere ISG Politik - Elatek","isPartOf":{"@id":"https:\/\/www.elatek.com.tr\/de\/#website"},"primaryImageOfPage":{"@id":"https:\/\/www.elatek.com.tr\/de\/unsere-isg-politik\/#primaryimage"},"datePublished":"2021-05-20T07:06:15+00:00","dateModified":"2021-08-13T22:10:44+00:00","breadcrumb":{"@id":"https:\/\/www.elatek.com.tr\/de\/unsere-isg-politik\/#breadcrumb"},"inLanguage":"de-DE","potentialAction":[{"@type":"ReadAction","target":["https:\/\/www.elatek.com.tr\/de\/unsere-isg-politik\/"]}]},{"@type":"BreadcrumbList","@id":"https:\/\/www.elatek.com.tr\/de\/unsere-isg-politik\/#breadcrumb","itemListElement":[{"@type":"ListItem","position":1,"name":"Anasayfa","item":"https:\/\/www.elatek.com.tr\/de\/"},{"@type":"ListItem","position":2,"name":"Unsere ISG Politik"}]}]}},"_links":{"self":[{"href":"https:\/\/www.elatek.com.tr\/de\/wp-json\/wp\/v2\/pages\/5297"}],"collection":[{"href":"https:\/\/www.elatek.com.tr\/de\/wp-json\/wp\/v2\/pages"}],"about":[{"href":"https:\/\/www.elatek.com.tr\/de\/wp-json\/wp\/v2\/types\/page"}],"author":[{"embeddable":true,"href":"https:\/\/www.elatek.com.tr\/de\/wp-json\/wp\/v2\/users\/1"}],"replies":[{"embeddable":true,"href":"https:\/\/www.elatek.com.tr\/de\/wp-json\/wp\/v2\/comments?post=5297"}],"version-history":[{"count":11,"href":"https:\/\/www.elatek.com.tr\/de\/wp-json\/wp\/v2\/pages\/5297\/revisions"}],"predecessor-version":[{"id":5619,"href":"https:\/\/www.elatek.com.tr\/de\/wp-json\/wp\/v2\/pages\/5297\/revisions\/5619"}],"wp:attachment":[{"href":"https:\/\/www.elatek.com.tr\/de\/wp-json\/wp\/v2\/media?parent=5297"}],"curies":[{"name":"wp","href":"https:\/\/api.w.org\/{rel}","templated":true}]}}