{"id":5282,"date":"2021-05-20T10:07:40","date_gmt":"2021-05-20T07:07:40","guid":{"rendered":"https:\/\/elatek.com.tr\/de\/?page_id=5282"},"modified":"2021-08-14T01:09:39","modified_gmt":"2021-08-13T22:09:39","slug":"qualitaetspolitik","status":"publish","type":"page","link":"https:\/\/www.elatek.com.tr\/de\/qualitaetspolitik\/","title":{"rendered":"Qualit\u00e4tspolitik"},"content":{"rendered":"\t\t<div data-elementor-type=\"wp-page\" data-elementor-id=\"5282\" class=\"elementor elementor-5282\" data-elementor-settings=\"[]\">\n\t\t\t\t\t\t\t<div class=\"elementor-section-wrap\">\n\t\t\t\t\t        <section class=\"elementor-section elementor-top-section elementor-element elementor-element-bf4d915 elementor-section-boxed elementor-section-height-default elementor-section-height-default\" data-id=\"bf4d915\" data-element_type=\"section\" data-settings=\"{&quot;_ha_eqh_enable&quot;:false}\">\n            \n                        <div class=\"elementor-container elementor-column-gap-extended \">\n                    <div class=\"elementor-column elementor-col-50 elementor-top-column elementor-element elementor-element-5282614\" data-id=\"5282614\" data-element_type=\"column\">\n            <div class=\"elementor-widget-wrap elementor-element-populated\">\n                        \t\t<div class=\"elementor-element elementor-element-9d091b6 elementor-widget elementor-widget-ct_heading\" data-id=\"9d091b6\" data-element_type=\"widget\" data-widget_type=\"ct_heading.default\">\n\t\t\t\t<div class=\"elementor-widget-container\">\n\t\t\t<div class=\"ct-heading h-align-  sub- ct-heading-left item-st-line-left1\" data-wow-delay=\"ms\">\r\n\t    <h3 class=\"item--title st-line-left1\">\r\n                <span>\r\n                            <i><\/i>\r\n                        Qualit\u00e4tspolitik                    <\/span>\r\n            <\/h3>\r\n<\/div>\t\t<\/div>\n\t\t\t\t<\/div>\n\t\t        <section class=\"elementor-section elementor-inner-section elementor-element elementor-element-6b326e2 elementor-section-boxed elementor-section-height-default elementor-section-height-default\" data-id=\"6b326e2\" data-element_type=\"section\" data-settings=\"{&quot;_ha_eqh_enable&quot;:false}\">\n            \n                        <div class=\"elementor-container elementor-column-gap-extended \">\n                    <div class=\"elementor-column elementor-col-100 elementor-inner-column elementor-element elementor-element-71555f1\" data-id=\"71555f1\" data-element_type=\"column\">\n            <div class=\"elementor-widget-wrap elementor-element-populated\">\n                        \t\t<div class=\"elementor-element elementor-element-176c3a2 elementor-widget elementor-widget-text-editor\" data-id=\"176c3a2\" data-element_type=\"widget\" data-widget_type=\"text-editor.default\">\n\t\t\t\t<div class=\"elementor-widget-container\">\n\t\t\t\t\t\t\t\t<p>Elatek hat sich zum Ziel gesetzt, ein Weltklasseunternehmen zu sein, das die Zufriedenheit aller seiner Interessengruppen sicherstellt und sich st\u00e4ndig weiterentwickelt.<\/p><p>Zu diesem Zweck;<\/p>\t\t\t\t\t\t<\/div>\n\t\t\t\t<\/div>\n\t\t\t\t<div class=\"elementor-element elementor-element-4b32f49 elementor-widget elementor-widget-text-editor\" data-id=\"4b32f49\" data-element_type=\"widget\" data-widget_type=\"text-editor.default\">\n\t\t\t\t<div class=\"elementor-widget-container\">\n\t\t\t\t\t\t\t\t<ul><li>Wir werden die Anforderungen des Qualit\u00e4tsmanagementsystems in allen unseren Einheiten vollumf\u00e4nglich erf\u00fcllen,<\/li><li>Wir werden die Kundenzufriedenheit erh\u00f6hen, indem wir zeitnahe und zuverl\u00e4ssige Produkte herstellen, die den Kundenbed\u00fcrfnissen und -erwartungen entsprechen und einen wettbewerbsf\u00e4higen Preisvorteil und Qualit\u00e4t bieten,<\/li><li>Wir werden die aktive Beteiligung, Schulung, Entwicklung und Zufriedenheit unserer Mitarbeiter in allen unseren Prozessen f\u00f6rdern und die hierf\u00fcr erforderlichen Quellen bereitstellen,<\/li><li>Wir werden Effizienz und Profitabilit\u00e4t steigern, indem wir das Prinzip der kontinuierlichen Verbesserung in allen unseren Einheiten anwenden,<\/li><li>Um die notwendige Kundenzufriedenheit zu erreichen, werden wir mit unseren Partnern zusammenarbeiten,<\/li><li>Wir werden die notwendigen Ma\u00dfnahmen ergreifen, indem wir die Bed\u00fcrfnisse und Erwartungen der relevanten Parteien analysieren,<\/li><li>Wir werden alle Gesetze und Vorschriften sowie spezielle Kundenw\u00fcnsche erf\u00fcllen,<\/li><li>Wir werden unsere Gesch\u00e4ftspartnerschaft und unsere Lieferanten weiterentwickeln,<\/li><li>Wir verpflichten uns und erkl\u00e4ren hiermit, dass wir ein geeignetes Arbeitsumfeld schaffen, indem wir die Bedingungen beseitigen, die sich nachteilig auf die Umwelt und die Gesundheit und Sicherheit der Arbeitnehmer auswirken.<\/li><\/ul>\t\t\t\t\t\t<\/div>\n\t\t\t\t<\/div>\n\t\t            <\/div>\n        <\/div>\n                            <\/div>\n        <\/section>\n        \t\t<div class=\"elementor-element elementor-element-12bf585 elementor-widget elementor-widget-spacer\" data-id=\"12bf585\" data-element_type=\"widget\" data-widget_type=\"spacer.default\">\n\t\t\t\t<div class=\"elementor-widget-container\">\n\t\t\t\t\t<div class=\"elementor-spacer\">\n\t\t\t<div class=\"elementor-spacer-inner\"><\/div>\n\t\t<\/div>\n\t\t\t\t<\/div>\n\t\t\t\t<\/div>\n\t\t            <\/div>\n        <\/div>\n                <div class=\"elementor-column elementor-col-50 elementor-top-column elementor-element elementor-element-07e4861\" data-id=\"07e4861\" data-element_type=\"column\">\n            <div class=\"elementor-widget-wrap elementor-element-populated\">\n                        \t\t<div class=\"elementor-element elementor-element-1548748 elementor-widget elementor-widget-image\" data-id=\"1548748\" data-element_type=\"widget\" data-widget_type=\"image.default\">\n\t\t\t\t<div class=\"elementor-widget-container\">\n\t\t\t\t\t\t\t\t\t\t\t\t\t\t\t<img width=\"558\" height=\"1206\" src=\"https:\/\/www.elatek.com.tr\/de\/wp-content\/uploads\/2021\/05\/kalite-1.png\" class=\"attachment-full size-full\" alt=\"\" srcset=\"https:\/\/www.elatek.com.tr\/de\/wp-content\/uploads\/2021\/05\/kalite-1.png 558w, https:\/\/www.elatek.com.tr\/de\/wp-content\/uploads\/2021\/05\/kalite-1-139x300.png 139w, https:\/\/www.elatek.com.tr\/de\/wp-content\/uploads\/2021\/05\/kalite-1-474x1024.png 474w\" sizes=\"(max-width: 558px) 100vw, 558px\" \/>\t\t\t\t\t\t\t\t\t\t\t\t\t\t\t<\/div>\n\t\t\t\t<\/div>\n\t\t            <\/div>\n        <\/div>\n                            <\/div>\n        <\/section>\n        \t\t\t\t<\/div>\n\t\t\t\t\t<\/div>\n\t\t","protected":false},"excerpt":{"rendered":"<p>Qualit\u00e4tspolitik Elatek hat sich zum Ziel gesetzt, ein Weltklasseunternehmen zu sein, das die Zufriedenheit aller seiner Interessengruppen sicherstellt und sich st\u00e4ndig weiterentwickelt. Zu diesem Zweck; Wir werden die Anforderungen des Qualit\u00e4tsmanagementsystems in allen unseren Einheiten vollumf\u00e4nglich erf\u00fcllen, Wir werden die Kundenzufriedenheit erh\u00f6hen, indem wir zeitnahe und zuverl\u00e4ssige Produkte herstellen, die den Kundenbed\u00fcrfnissen und -erwartungen entsprechen [&hellip;]<\/p>\n","protected":false},"author":1,"featured_media":0,"parent":0,"menu_order":0,"comment_status":"closed","ping_status":"closed","template":"","meta":[],"yoast_head":"<!-- This site is optimized with the Yoast SEO plugin v16.9 - https:\/\/yoast.com\/wordpress\/plugins\/seo\/ -->\n<title>Qualit\u00e4tspolitik - Elatek<\/title>\n<meta name=\"robots\" content=\"index, follow, max-snippet:-1, max-image-preview:large, max-video-preview:-1\" \/>\n<link rel=\"canonical\" href=\"https:\/\/www.elatek.com.tr\/de\/qualitaetspolitik\/\" \/>\n<meta property=\"og:locale\" content=\"de_DE\" \/>\n<meta property=\"og:type\" content=\"article\" \/>\n<meta property=\"og:title\" content=\"Qualit\u00e4tspolitik - Elatek\" \/>\n<meta property=\"og:description\" content=\"Qualit\u00e4tspolitik Elatek hat sich zum Ziel gesetzt, ein Weltklasseunternehmen zu sein, das die Zufriedenheit aller seiner Interessengruppen sicherstellt und sich st\u00e4ndig weiterentwickelt. Zu diesem Zweck; Wir werden die Anforderungen des Qualit\u00e4tsmanagementsystems in allen unseren Einheiten vollumf\u00e4nglich erf\u00fcllen, Wir werden die Kundenzufriedenheit erh\u00f6hen, indem wir zeitnahe und zuverl\u00e4ssige Produkte herstellen, die den Kundenbed\u00fcrfnissen und -erwartungen entsprechen [&hellip;]\" \/>\n<meta property=\"og:url\" content=\"https:\/\/www.elatek.com.tr\/de\/qualitaetspolitik\/\" \/>\n<meta property=\"og:site_name\" content=\"Elatek\" \/>\n<meta property=\"article:publisher\" content=\"https:\/\/tr-tr.facebook.com\/elatekkaucuksanticas\" \/>\n<meta property=\"article:modified_time\" content=\"2021-08-13T22:09:39+00:00\" \/>\n<meta property=\"og:image\" content=\"https:\/\/elatek.com.tr\/de\/wp-content\/uploads\/2021\/05\/kalite-1.png\" \/>\n<meta name=\"twitter:card\" content=\"summary_large_image\" \/>\n<meta name=\"twitter:label1\" content=\"Gesch\u00e4tzte Lesezeit\" \/>\n\t<meta name=\"twitter:data1\" content=\"1 Minute\" \/>\n<script type=\"application\/ld+json\" class=\"yoast-schema-graph\">{\"@context\":\"https:\/\/schema.org\",\"@graph\":[{\"@type\":\"Organization\",\"@id\":\"https:\/\/www.elatek.com.tr\/de\/#organization\",\"name\":\"Elatek Kau\\u00e7uk Sanayi Ticaret A.\\u015e\",\"url\":\"https:\/\/www.elatek.com.tr\/de\/\",\"sameAs\":[\"https:\/\/tr-tr.facebook.com\/elatekkaucuksanticas\",\"https:\/\/www.instagram.com\/elatekkaucuk\/\",\"https:\/\/tr.linkedin.com\/company\/elatekkaucuk-san-tic-as\"],\"logo\":{\"@type\":\"ImageObject\",\"@id\":\"https:\/\/www.elatek.com.tr\/de\/#logo\",\"inLanguage\":\"de-DE\",\"url\":\"https:\/\/elatek.com.tr\/de\/wp-content\/uploads\/2021\/05\/logo_Normal.png\",\"contentUrl\":\"https:\/\/elatek.com.tr\/de\/wp-content\/uploads\/2021\/05\/logo_Normal.png\",\"width\":218,\"height\":43,\"caption\":\"Elatek Kau\\u00e7uk Sanayi Ticaret A.\\u015e\"},\"image\":{\"@id\":\"https:\/\/www.elatek.com.tr\/de\/#logo\"}},{\"@type\":\"WebSite\",\"@id\":\"https:\/\/www.elatek.com.tr\/de\/#website\",\"url\":\"https:\/\/www.elatek.com.tr\/de\/\",\"name\":\"Elatek Kau\\u00e7uk Sanayi Ticaret A.\\u015e\",\"description\":\"\",\"publisher\":{\"@id\":\"https:\/\/www.elatek.com.tr\/de\/#organization\"},\"potentialAction\":[{\"@type\":\"SearchAction\",\"target\":{\"@type\":\"EntryPoint\",\"urlTemplate\":\"https:\/\/www.elatek.com.tr\/de\/?s={search_term_string}\"},\"query-input\":\"required name=search_term_string\"}],\"inLanguage\":\"de-DE\"},{\"@type\":\"ImageObject\",\"@id\":\"https:\/\/www.elatek.com.tr\/de\/qualitaetspolitik\/#primaryimage\",\"inLanguage\":\"de-DE\",\"url\":\"https:\/\/elatek.com.tr\/de\/wp-content\/uploads\/2021\/05\/kalite-1.png\",\"contentUrl\":\"https:\/\/elatek.com.tr\/de\/wp-content\/uploads\/2021\/05\/kalite-1.png\"},{\"@type\":\"WebPage\",\"@id\":\"https:\/\/www.elatek.com.tr\/de\/qualitaetspolitik\/#webpage\",\"url\":\"https:\/\/www.elatek.com.tr\/de\/qualitaetspolitik\/\",\"name\":\"Qualit\\u00e4tspolitik - Elatek\",\"isPartOf\":{\"@id\":\"https:\/\/www.elatek.com.tr\/de\/#website\"},\"primaryImageOfPage\":{\"@id\":\"https:\/\/www.elatek.com.tr\/de\/qualitaetspolitik\/#primaryimage\"},\"datePublished\":\"2021-05-20T07:07:40+00:00\",\"dateModified\":\"2021-08-13T22:09:39+00:00\",\"breadcrumb\":{\"@id\":\"https:\/\/www.elatek.com.tr\/de\/qualitaetspolitik\/#breadcrumb\"},\"inLanguage\":\"de-DE\",\"potentialAction\":[{\"@type\":\"ReadAction\",\"target\":[\"https:\/\/www.elatek.com.tr\/de\/qualitaetspolitik\/\"]}]},{\"@type\":\"BreadcrumbList\",\"@id\":\"https:\/\/www.elatek.com.tr\/de\/qualitaetspolitik\/#breadcrumb\",\"itemListElement\":[{\"@type\":\"ListItem\",\"position\":1,\"name\":\"Anasayfa\",\"item\":\"https:\/\/www.elatek.com.tr\/de\/\"},{\"@type\":\"ListItem\",\"position\":2,\"name\":\"Qualit\\u00e4tspolitik\"}]}]}<\/script>\n<!-- \/ Yoast SEO plugin. -->","yoast_head_json":{"title":"Qualit\u00e4tspolitik - Elatek","robots":{"index":"index","follow":"follow","max-snippet":"max-snippet:-1","max-image-preview":"max-image-preview:large","max-video-preview":"max-video-preview:-1"},"canonical":"https:\/\/www.elatek.com.tr\/de\/qualitaetspolitik\/","og_locale":"de_DE","og_type":"article","og_title":"Qualit\u00e4tspolitik - Elatek","og_description":"Qualit\u00e4tspolitik Elatek hat sich zum Ziel gesetzt, ein Weltklasseunternehmen zu sein, das die Zufriedenheit aller seiner Interessengruppen sicherstellt und sich st\u00e4ndig weiterentwickelt. Zu diesem Zweck; Wir werden die Anforderungen des Qualit\u00e4tsmanagementsystems in allen unseren Einheiten vollumf\u00e4nglich erf\u00fcllen, Wir werden die Kundenzufriedenheit erh\u00f6hen, indem wir zeitnahe und zuverl\u00e4ssige Produkte herstellen, die den Kundenbed\u00fcrfnissen und -erwartungen entsprechen [&hellip;]","og_url":"https:\/\/www.elatek.com.tr\/de\/qualitaetspolitik\/","og_site_name":"Elatek","article_publisher":"https:\/\/tr-tr.facebook.com\/elatekkaucuksanticas","article_modified_time":"2021-08-13T22:09:39+00:00","og_image":[{"url":"https:\/\/elatek.com.tr\/de\/wp-content\/uploads\/2021\/05\/kalite-1.png"}],"twitter_card":"summary_large_image","twitter_misc":{"Gesch\u00e4tzte Lesezeit":"1 Minute"},"schema":{"@context":"https:\/\/schema.org","@graph":[{"@type":"Organization","@id":"https:\/\/www.elatek.com.tr\/de\/#organization","name":"Elatek Kau\u00e7uk Sanayi Ticaret A.\u015e","url":"https:\/\/www.elatek.com.tr\/de\/","sameAs":["https:\/\/tr-tr.facebook.com\/elatekkaucuksanticas","https:\/\/www.instagram.com\/elatekkaucuk\/","https:\/\/tr.linkedin.com\/company\/elatekkaucuk-san-tic-as"],"logo":{"@type":"ImageObject","@id":"https:\/\/www.elatek.com.tr\/de\/#logo","inLanguage":"de-DE","url":"https:\/\/elatek.com.tr\/de\/wp-content\/uploads\/2021\/05\/logo_Normal.png","contentUrl":"https:\/\/elatek.com.tr\/de\/wp-content\/uploads\/2021\/05\/logo_Normal.png","width":218,"height":43,"caption":"Elatek Kau\u00e7uk Sanayi Ticaret A.\u015e"},"image":{"@id":"https:\/\/www.elatek.com.tr\/de\/#logo"}},{"@type":"WebSite","@id":"https:\/\/www.elatek.com.tr\/de\/#website","url":"https:\/\/www.elatek.com.tr\/de\/","name":"Elatek Kau\u00e7uk Sanayi Ticaret A.\u015e","description":"","publisher":{"@id":"https:\/\/www.elatek.com.tr\/de\/#organization"},"potentialAction":[{"@type":"SearchAction","target":{"@type":"EntryPoint","urlTemplate":"https:\/\/www.elatek.com.tr\/de\/?s={search_term_string}"},"query-input":"required name=search_term_string"}],"inLanguage":"de-DE"},{"@type":"ImageObject","@id":"https:\/\/www.elatek.com.tr\/de\/qualitaetspolitik\/#primaryimage","inLanguage":"de-DE","url":"https:\/\/elatek.com.tr\/de\/wp-content\/uploads\/2021\/05\/kalite-1.png","contentUrl":"https:\/\/elatek.com.tr\/de\/wp-content\/uploads\/2021\/05\/kalite-1.png"},{"@type":"WebPage","@id":"https:\/\/www.elatek.com.tr\/de\/qualitaetspolitik\/#webpage","url":"https:\/\/www.elatek.com.tr\/de\/qualitaetspolitik\/","name":"Qualit\u00e4tspolitik - Elatek","isPartOf":{"@id":"https:\/\/www.elatek.com.tr\/de\/#website"},"primaryImageOfPage":{"@id":"https:\/\/www.elatek.com.tr\/de\/qualitaetspolitik\/#primaryimage"},"datePublished":"2021-05-20T07:07:40+00:00","dateModified":"2021-08-13T22:09:39+00:00","breadcrumb":{"@id":"https:\/\/www.elatek.com.tr\/de\/qualitaetspolitik\/#breadcrumb"},"inLanguage":"de-DE","potentialAction":[{"@type":"ReadAction","target":["https:\/\/www.elatek.com.tr\/de\/qualitaetspolitik\/"]}]},{"@type":"BreadcrumbList","@id":"https:\/\/www.elatek.com.tr\/de\/qualitaetspolitik\/#breadcrumb","itemListElement":[{"@type":"ListItem","position":1,"name":"Anasayfa","item":"https:\/\/www.elatek.com.tr\/de\/"},{"@type":"ListItem","position":2,"name":"Qualit\u00e4tspolitik"}]}]}},"_links":{"self":[{"href":"https:\/\/www.elatek.com.tr\/de\/wp-json\/wp\/v2\/pages\/5282"}],"collection":[{"href":"https:\/\/www.elatek.com.tr\/de\/wp-json\/wp\/v2\/pages"}],"about":[{"href":"https:\/\/www.elatek.com.tr\/de\/wp-json\/wp\/v2\/types\/page"}],"author":[{"embeddable":true,"href":"https:\/\/www.elatek.com.tr\/de\/wp-json\/wp\/v2\/users\/1"}],"replies":[{"embeddable":true,"href":"https:\/\/www.elatek.com.tr\/de\/wp-json\/wp\/v2\/comments?post=5282"}],"version-history":[{"count":20,"href":"https:\/\/www.elatek.com.tr\/de\/wp-json\/wp\/v2\/pages\/5282\/revisions"}],"predecessor-version":[{"id":5615,"href":"https:\/\/www.elatek.com.tr\/de\/wp-json\/wp\/v2\/pages\/5282\/revisions\/5615"}],"wp:attachment":[{"href":"https:\/\/www.elatek.com.tr\/de\/wp-json\/wp\/v2\/media?parent=5282"}],"curies":[{"name":"wp","href":"https:\/\/api.w.org\/{rel}","templated":true}]}}