{"id":5262,"date":"2021-05-20T10:10:06","date_gmt":"2021-05-20T07:10:06","guid":{"rendered":"https:\/\/elatek.com.tr\/de\/?page_id=5262"},"modified":"2021-08-14T01:16:34","modified_gmt":"2021-08-13T22:16:34","slug":"nachhaltigkeit","status":"publish","type":"page","link":"https:\/\/www.elatek.com.tr\/de\/nachhaltigkeit\/","title":{"rendered":"Nachhaltigkeit"},"content":{"rendered":"\t\t<div data-elementor-type=\"wp-page\" data-elementor-id=\"5262\" class=\"elementor elementor-5262\" data-elementor-settings=\"[]\">\n\t\t\t\t\t\t\t<div class=\"elementor-section-wrap\">\n\t\t\t\t\t        <section class=\"elementor-section elementor-top-section elementor-element elementor-element-bf4d915 elementor-section-boxed elementor-section-height-default elementor-section-height-default\" data-id=\"bf4d915\" data-element_type=\"section\" data-settings=\"{&quot;_ha_eqh_enable&quot;:false}\">\n            \n                        <div class=\"elementor-container elementor-column-gap-extended \">\n                    <div class=\"elementor-column elementor-col-50 elementor-top-column elementor-element elementor-element-5282614\" data-id=\"5282614\" data-element_type=\"column\">\n            <div class=\"elementor-widget-wrap elementor-element-populated\">\n                        \t\t<div class=\"elementor-element elementor-element-9d091b6 elementor-widget elementor-widget-ct_heading\" data-id=\"9d091b6\" data-element_type=\"widget\" data-widget_type=\"ct_heading.default\">\n\t\t\t\t<div class=\"elementor-widget-container\">\n\t\t\t<div class=\"ct-heading h-align-  sub- ct-heading-left item-st-line-left1\" data-wow-delay=\"ms\">\r\n\t    <h3 class=\"item--title st-line-left1\">\r\n                <span>\r\n                            <i><\/i>\r\n                        Unsere Umweltpolitik                    <\/span>\r\n            <\/h3>\r\n<\/div>\t\t<\/div>\n\t\t\t\t<\/div>\n\t\t        <section class=\"elementor-section elementor-inner-section elementor-element elementor-element-6b326e2 elementor-section-boxed elementor-section-height-default elementor-section-height-default\" data-id=\"6b326e2\" data-element_type=\"section\" data-settings=\"{&quot;_ha_eqh_enable&quot;:false}\">\n            \n                        <div class=\"elementor-container elementor-column-gap-extended \">\n                    <div class=\"elementor-column elementor-col-100 elementor-inner-column elementor-element elementor-element-71555f1\" data-id=\"71555f1\" data-element_type=\"column\">\n            <div class=\"elementor-widget-wrap elementor-element-populated\">\n                        \t\t<div class=\"elementor-element elementor-element-176c3a2 elementor-widget elementor-widget-text-editor\" data-id=\"176c3a2\" data-element_type=\"widget\" data-widget_type=\"text-editor.default\">\n\t\t\t\t<div class=\"elementor-widget-container\">\n\t\t\t\t\t\t\t\t<p>Als ELATEK minimieren wir unsere negativen Auswirkungen auf die Umwelt bei der Herstellung und Konstruktion von Gummimischungen, Gummischl\u00e4uchen, Gummiprofilen, Gummi-Metall-Komponenten, Gummidichtungen, Kunststoffblas- und Thermoformteilen, Montage und Konstruktion der Kaltumformung von Metallrohren. Es wird ein Teil unserer Aufgabe sein, alle notwendigen Ma\u00dfnahmen zu ergreifen, um unsere negativen Auswirkungen auf die Umwelt zu minimieren.<\/p>\t\t\t\t\t\t<\/div>\n\t\t\t\t<\/div>\n\t\t\t\t<div class=\"elementor-element elementor-element-4b32f49 elementor-widget elementor-widget-text-editor\" data-id=\"4b32f49\" data-element_type=\"widget\" data-widget_type=\"text-editor.default\">\n\t\t\t\t<div class=\"elementor-widget-container\">\n\t\t\t\t\t\t\t\t<p>Unsere Verpflichtungen;<br \/>\u2666 Aufrechterhaltung eines Umweltmanagementsystems, das von allen unseren Mitarbeitern angenommen, implementiert, auditiert, \u00fcberpr\u00fcft und kontinuierlich verbessert wird,<br \/>\u2666 Die relevanten rechtlichen Anforderungen zu erf\u00fcllen, die f\u00fcr die Durchf\u00fchrung unserer Produktion und anderer Aktivit\u00e4ten und von den jeweiligen Parteien festgelegten gesetzlichen Verpflichtungen erforderlich sind,<br \/>\u2666 Bewertung von Risiken und Chancen in all unseren Prozessen und Aktivit\u00e4ten unter Ber\u00fccksichtigung interner und externer Aspekte,<br \/>\u2666 Fortf\u00fchrung unserer T\u00e4tigkeit unter Ber\u00fccksichtigung der Bed\u00fcrfnisse und Erwartungen der betreffenden Parteien,<br \/>\u2666 Arbeiten am Umweltschutz, indem wir die Umweltauswirkungen in unseren Projektstudien von Produkten und Prozessen ber\u00fccksichtigen,<br \/>\u2666 Effiziente Nutzung nat\u00fcrlicher Quellen wie Energie und Wasser,<br \/>\u2666 Die Kontinuit\u00e4t des Abfallmanagementsystems zu gew\u00e4hrleisten, Ma\u00dfnahmen zur Reduzierung des bei unseren T\u00e4tigkeiten anfallenden Abfalls zu ergreifen und wenn die Abfallerzeugung unvermeidbar ist Recycling oder die Entsorgung von Abf\u00e4llen sicherstellen,<br \/>\u2666 Ma\u00dfnahmen zu ergreifen, um die Auswirkungen auf unsere Mitarbeiter und die Umwelt im Falle eines Unfalls oder Notfalls, der in unseren Betrieben auftreten kann, zu minimieren,<br \/>\u2666 Alle unsere Mitarbeiter zu schulen, um ihr Umweltbewusstsein zu st\u00e4rken und Eigenverantwortung zu erlangen,<br \/>\u2666 \u201c \u00dcberwachung und Kontrolle aller Arten von umweltbelastenden T\u00e4tigkeiten im Rahmen der &#8220;Umweltgesetzgebung&#8221;,<br \/>\u2666 Die Fortentwicklung unserer Lieferanten und Gesch\u00e4ftspartnern.<\/p>\t\t\t\t\t\t<\/div>\n\t\t\t\t<\/div>\n\t\t            <\/div>\n        <\/div>\n                            <\/div>\n        <\/section>\n        \t\t<div class=\"elementor-element elementor-element-12bf585 elementor-widget elementor-widget-spacer\" data-id=\"12bf585\" data-element_type=\"widget\" data-widget_type=\"spacer.default\">\n\t\t\t\t<div class=\"elementor-widget-container\">\n\t\t\t\t\t<div class=\"elementor-spacer\">\n\t\t\t<div class=\"elementor-spacer-inner\"><\/div>\n\t\t<\/div>\n\t\t\t\t<\/div>\n\t\t\t\t<\/div>\n\t\t            <\/div>\n        <\/div>\n                <div class=\"elementor-column elementor-col-50 elementor-top-column elementor-element elementor-element-07e4861\" data-id=\"07e4861\" data-element_type=\"column\">\n            <div class=\"elementor-widget-wrap elementor-element-populated\">\n                        \t\t<div class=\"elementor-element elementor-element-1548748 elementor-widget elementor-widget-image\" data-id=\"1548748\" data-element_type=\"widget\" data-widget_type=\"image.default\">\n\t\t\t\t<div class=\"elementor-widget-container\">\n\t\t\t\t\t\t\t\t\t\t\t\t\t\t\t<img width=\"558\" height=\"1206\" src=\"https:\/\/www.elatek.com.tr\/de\/wp-content\/uploads\/2021\/05\/cevre_001.png\" class=\"attachment-full size-full\" alt=\"\" srcset=\"https:\/\/www.elatek.com.tr\/de\/wp-content\/uploads\/2021\/05\/cevre_001.png 558w, https:\/\/www.elatek.com.tr\/de\/wp-content\/uploads\/2021\/05\/cevre_001-139x300.png 139w, https:\/\/www.elatek.com.tr\/de\/wp-content\/uploads\/2021\/05\/cevre_001-474x1024.png 474w\" sizes=\"(max-width: 558px) 100vw, 558px\" \/>\t\t\t\t\t\t\t\t\t\t\t\t\t\t\t<\/div>\n\t\t\t\t<\/div>\n\t\t            <\/div>\n        <\/div>\n                            <\/div>\n        <\/section>\n        \t\t\t\t<\/div>\n\t\t\t\t\t<\/div>\n\t\t","protected":false},"excerpt":{"rendered":"<p>Unsere Umweltpolitik Als ELATEK minimieren wir unsere negativen Auswirkungen auf die Umwelt bei der Herstellung und Konstruktion von Gummimischungen, Gummischl\u00e4uchen, Gummiprofilen, Gummi-Metall-Komponenten, Gummidichtungen, Kunststoffblas- und Thermoformteilen, Montage und Konstruktion der Kaltumformung von Metallrohren. Es wird ein Teil unserer Aufgabe sein, alle notwendigen Ma\u00dfnahmen zu ergreifen, um unsere negativen Auswirkungen auf die Umwelt zu minimieren. Unsere [&hellip;]<\/p>\n","protected":false},"author":1,"featured_media":0,"parent":0,"menu_order":0,"comment_status":"closed","ping_status":"closed","template":"","meta":[],"yoast_head":"<!-- This site is optimized with the Yoast SEO plugin v16.9 - https:\/\/yoast.com\/wordpress\/plugins\/seo\/ -->\n<title>Nachhaltigkeit - Elatek<\/title>\n<meta name=\"robots\" content=\"index, follow, max-snippet:-1, max-image-preview:large, max-video-preview:-1\" \/>\n<link rel=\"canonical\" href=\"https:\/\/www.elatek.com.tr\/de\/nachhaltigkeit\/\" \/>\n<meta property=\"og:locale\" content=\"de_DE\" \/>\n<meta property=\"og:type\" content=\"article\" \/>\n<meta property=\"og:title\" content=\"Nachhaltigkeit - Elatek\" \/>\n<meta property=\"og:description\" content=\"Unsere Umweltpolitik Als ELATEK minimieren wir unsere negativen Auswirkungen auf die Umwelt bei der Herstellung und Konstruktion von Gummimischungen, Gummischl\u00e4uchen, Gummiprofilen, Gummi-Metall-Komponenten, Gummidichtungen, Kunststoffblas- und Thermoformteilen, Montage und Konstruktion der Kaltumformung von Metallrohren. Es wird ein Teil unserer Aufgabe sein, alle notwendigen Ma\u00dfnahmen zu ergreifen, um unsere negativen Auswirkungen auf die Umwelt zu minimieren. Unsere [&hellip;]\" \/>\n<meta property=\"og:url\" content=\"https:\/\/www.elatek.com.tr\/de\/nachhaltigkeit\/\" \/>\n<meta property=\"og:site_name\" content=\"Elatek\" \/>\n<meta property=\"article:publisher\" content=\"https:\/\/tr-tr.facebook.com\/elatekkaucuksanticas\" \/>\n<meta property=\"article:modified_time\" content=\"2021-08-13T22:16:34+00:00\" \/>\n<meta property=\"og:image\" content=\"https:\/\/elatek.com.tr\/de\/wp-content\/uploads\/2021\/05\/cevre_001.png\" \/>\n<meta name=\"twitter:card\" content=\"summary_large_image\" \/>\n<meta name=\"twitter:label1\" content=\"Gesch\u00e4tzte Lesezeit\" \/>\n\t<meta name=\"twitter:data1\" content=\"2 Minuten\" \/>\n<script type=\"application\/ld+json\" class=\"yoast-schema-graph\">{\"@context\":\"https:\/\/schema.org\",\"@graph\":[{\"@type\":\"Organization\",\"@id\":\"https:\/\/www.elatek.com.tr\/de\/#organization\",\"name\":\"Elatek Kau\\u00e7uk Sanayi Ticaret A.\\u015e\",\"url\":\"https:\/\/www.elatek.com.tr\/de\/\",\"sameAs\":[\"https:\/\/tr-tr.facebook.com\/elatekkaucuksanticas\",\"https:\/\/www.instagram.com\/elatekkaucuk\/\",\"https:\/\/tr.linkedin.com\/company\/elatekkaucuk-san-tic-as\"],\"logo\":{\"@type\":\"ImageObject\",\"@id\":\"https:\/\/www.elatek.com.tr\/de\/#logo\",\"inLanguage\":\"de-DE\",\"url\":\"https:\/\/elatek.com.tr\/de\/wp-content\/uploads\/2021\/05\/logo_Normal.png\",\"contentUrl\":\"https:\/\/elatek.com.tr\/de\/wp-content\/uploads\/2021\/05\/logo_Normal.png\",\"width\":218,\"height\":43,\"caption\":\"Elatek Kau\\u00e7uk Sanayi Ticaret A.\\u015e\"},\"image\":{\"@id\":\"https:\/\/www.elatek.com.tr\/de\/#logo\"}},{\"@type\":\"WebSite\",\"@id\":\"https:\/\/www.elatek.com.tr\/de\/#website\",\"url\":\"https:\/\/www.elatek.com.tr\/de\/\",\"name\":\"Elatek Kau\\u00e7uk Sanayi Ticaret A.\\u015e\",\"description\":\"\",\"publisher\":{\"@id\":\"https:\/\/www.elatek.com.tr\/de\/#organization\"},\"potentialAction\":[{\"@type\":\"SearchAction\",\"target\":{\"@type\":\"EntryPoint\",\"urlTemplate\":\"https:\/\/www.elatek.com.tr\/de\/?s={search_term_string}\"},\"query-input\":\"required name=search_term_string\"}],\"inLanguage\":\"de-DE\"},{\"@type\":\"ImageObject\",\"@id\":\"https:\/\/www.elatek.com.tr\/de\/nachhaltigkeit\/#primaryimage\",\"inLanguage\":\"de-DE\",\"url\":\"https:\/\/elatek.com.tr\/de\/wp-content\/uploads\/2021\/05\/cevre_001.png\",\"contentUrl\":\"https:\/\/elatek.com.tr\/de\/wp-content\/uploads\/2021\/05\/cevre_001.png\"},{\"@type\":\"WebPage\",\"@id\":\"https:\/\/www.elatek.com.tr\/de\/nachhaltigkeit\/#webpage\",\"url\":\"https:\/\/www.elatek.com.tr\/de\/nachhaltigkeit\/\",\"name\":\"Nachhaltigkeit - Elatek\",\"isPartOf\":{\"@id\":\"https:\/\/www.elatek.com.tr\/de\/#website\"},\"primaryImageOfPage\":{\"@id\":\"https:\/\/www.elatek.com.tr\/de\/nachhaltigkeit\/#primaryimage\"},\"datePublished\":\"2021-05-20T07:10:06+00:00\",\"dateModified\":\"2021-08-13T22:16:34+00:00\",\"breadcrumb\":{\"@id\":\"https:\/\/www.elatek.com.tr\/de\/nachhaltigkeit\/#breadcrumb\"},\"inLanguage\":\"de-DE\",\"potentialAction\":[{\"@type\":\"ReadAction\",\"target\":[\"https:\/\/www.elatek.com.tr\/de\/nachhaltigkeit\/\"]}]},{\"@type\":\"BreadcrumbList\",\"@id\":\"https:\/\/www.elatek.com.tr\/de\/nachhaltigkeit\/#breadcrumb\",\"itemListElement\":[{\"@type\":\"ListItem\",\"position\":1,\"name\":\"Anasayfa\",\"item\":\"https:\/\/www.elatek.com.tr\/de\/\"},{\"@type\":\"ListItem\",\"position\":2,\"name\":\"Nachhaltigkeit\"}]}]}<\/script>\n<!-- \/ Yoast SEO plugin. -->","yoast_head_json":{"title":"Nachhaltigkeit - Elatek","robots":{"index":"index","follow":"follow","max-snippet":"max-snippet:-1","max-image-preview":"max-image-preview:large","max-video-preview":"max-video-preview:-1"},"canonical":"https:\/\/www.elatek.com.tr\/de\/nachhaltigkeit\/","og_locale":"de_DE","og_type":"article","og_title":"Nachhaltigkeit - Elatek","og_description":"Unsere Umweltpolitik Als ELATEK minimieren wir unsere negativen Auswirkungen auf die Umwelt bei der Herstellung und Konstruktion von Gummimischungen, Gummischl\u00e4uchen, Gummiprofilen, Gummi-Metall-Komponenten, Gummidichtungen, Kunststoffblas- und Thermoformteilen, Montage und Konstruktion der Kaltumformung von Metallrohren. Es wird ein Teil unserer Aufgabe sein, alle notwendigen Ma\u00dfnahmen zu ergreifen, um unsere negativen Auswirkungen auf die Umwelt zu minimieren. Unsere [&hellip;]","og_url":"https:\/\/www.elatek.com.tr\/de\/nachhaltigkeit\/","og_site_name":"Elatek","article_publisher":"https:\/\/tr-tr.facebook.com\/elatekkaucuksanticas","article_modified_time":"2021-08-13T22:16:34+00:00","og_image":[{"url":"https:\/\/elatek.com.tr\/de\/wp-content\/uploads\/2021\/05\/cevre_001.png"}],"twitter_card":"summary_large_image","twitter_misc":{"Gesch\u00e4tzte Lesezeit":"2 Minuten"},"schema":{"@context":"https:\/\/schema.org","@graph":[{"@type":"Organization","@id":"https:\/\/www.elatek.com.tr\/de\/#organization","name":"Elatek Kau\u00e7uk Sanayi Ticaret A.\u015e","url":"https:\/\/www.elatek.com.tr\/de\/","sameAs":["https:\/\/tr-tr.facebook.com\/elatekkaucuksanticas","https:\/\/www.instagram.com\/elatekkaucuk\/","https:\/\/tr.linkedin.com\/company\/elatekkaucuk-san-tic-as"],"logo":{"@type":"ImageObject","@id":"https:\/\/www.elatek.com.tr\/de\/#logo","inLanguage":"de-DE","url":"https:\/\/elatek.com.tr\/de\/wp-content\/uploads\/2021\/05\/logo_Normal.png","contentUrl":"https:\/\/elatek.com.tr\/de\/wp-content\/uploads\/2021\/05\/logo_Normal.png","width":218,"height":43,"caption":"Elatek Kau\u00e7uk Sanayi Ticaret A.\u015e"},"image":{"@id":"https:\/\/www.elatek.com.tr\/de\/#logo"}},{"@type":"WebSite","@id":"https:\/\/www.elatek.com.tr\/de\/#website","url":"https:\/\/www.elatek.com.tr\/de\/","name":"Elatek Kau\u00e7uk Sanayi Ticaret A.\u015e","description":"","publisher":{"@id":"https:\/\/www.elatek.com.tr\/de\/#organization"},"potentialAction":[{"@type":"SearchAction","target":{"@type":"EntryPoint","urlTemplate":"https:\/\/www.elatek.com.tr\/de\/?s={search_term_string}"},"query-input":"required name=search_term_string"}],"inLanguage":"de-DE"},{"@type":"ImageObject","@id":"https:\/\/www.elatek.com.tr\/de\/nachhaltigkeit\/#primaryimage","inLanguage":"de-DE","url":"https:\/\/elatek.com.tr\/de\/wp-content\/uploads\/2021\/05\/cevre_001.png","contentUrl":"https:\/\/elatek.com.tr\/de\/wp-content\/uploads\/2021\/05\/cevre_001.png"},{"@type":"WebPage","@id":"https:\/\/www.elatek.com.tr\/de\/nachhaltigkeit\/#webpage","url":"https:\/\/www.elatek.com.tr\/de\/nachhaltigkeit\/","name":"Nachhaltigkeit - Elatek","isPartOf":{"@id":"https:\/\/www.elatek.com.tr\/de\/#website"},"primaryImageOfPage":{"@id":"https:\/\/www.elatek.com.tr\/de\/nachhaltigkeit\/#primaryimage"},"datePublished":"2021-05-20T07:10:06+00:00","dateModified":"2021-08-13T22:16:34+00:00","breadcrumb":{"@id":"https:\/\/www.elatek.com.tr\/de\/nachhaltigkeit\/#breadcrumb"},"inLanguage":"de-DE","potentialAction":[{"@type":"ReadAction","target":["https:\/\/www.elatek.com.tr\/de\/nachhaltigkeit\/"]}]},{"@type":"BreadcrumbList","@id":"https:\/\/www.elatek.com.tr\/de\/nachhaltigkeit\/#breadcrumb","itemListElement":[{"@type":"ListItem","position":1,"name":"Anasayfa","item":"https:\/\/www.elatek.com.tr\/de\/"},{"@type":"ListItem","position":2,"name":"Nachhaltigkeit"}]}]}},"_links":{"self":[{"href":"https:\/\/www.elatek.com.tr\/de\/wp-json\/wp\/v2\/pages\/5262"}],"collection":[{"href":"https:\/\/www.elatek.com.tr\/de\/wp-json\/wp\/v2\/pages"}],"about":[{"href":"https:\/\/www.elatek.com.tr\/de\/wp-json\/wp\/v2\/types\/page"}],"author":[{"embeddable":true,"href":"https:\/\/www.elatek.com.tr\/de\/wp-json\/wp\/v2\/users\/1"}],"replies":[{"embeddable":true,"href":"https:\/\/www.elatek.com.tr\/de\/wp-json\/wp\/v2\/comments?post=5262"}],"version-history":[{"count":16,"href":"https:\/\/www.elatek.com.tr\/de\/wp-json\/wp\/v2\/pages\/5262\/revisions"}],"predecessor-version":[{"id":5628,"href":"https:\/\/www.elatek.com.tr\/de\/wp-json\/wp\/v2\/pages\/5262\/revisions\/5628"}],"wp:attachment":[{"href":"https:\/\/www.elatek.com.tr\/de\/wp-json\/wp\/v2\/media?parent=5262"}],"curies":[{"name":"wp","href":"https:\/\/api.w.org\/{rel}","templated":true}]}}