{"id":4783,"date":"2021-05-20T10:02:11","date_gmt":"2021-05-20T07:02:11","guid":{"rendered":"https:\/\/elatek.com.tr\/de\/?page_id=4783"},"modified":"2021-08-14T01:05:15","modified_gmt":"2021-08-13T22:05:15","slug":"dienste-der-informationsgesellschaft","status":"publish","type":"page","link":"https:\/\/www.elatek.com.tr\/de\/dienste-der-informationsgesellschaft\/","title":{"rendered":"Dienste der Informationsgesellschaft"},"content":{"rendered":"\t\t<div data-elementor-type=\"wp-page\" data-elementor-id=\"4783\" class=\"elementor elementor-4783\" data-elementor-settings=\"[]\">\n\t\t\t\t\t\t\t<div class=\"elementor-section-wrap\">\n\t\t\t\t\t        <section class=\"elementor-section elementor-top-section elementor-element elementor-element-4059694 elementor-section-boxed elementor-section-height-default elementor-section-height-default\" data-id=\"4059694\" data-element_type=\"section\" data-settings=\"{&quot;_ha_eqh_enable&quot;:false}\">\n            \n                        <div class=\"elementor-container elementor-column-gap-default \">\n                    <div class=\"elementor-column elementor-col-100 elementor-top-column elementor-element elementor-element-0a09938\" data-id=\"0a09938\" data-element_type=\"column\">\n            <div class=\"elementor-widget-wrap elementor-element-populated\">\n                        \t\t<div class=\"elementor-element elementor-element-19344ea elementor-widget elementor-widget-spacer\" data-id=\"19344ea\" data-element_type=\"widget\" data-widget_type=\"spacer.default\">\n\t\t\t\t<div class=\"elementor-widget-container\">\n\t\t\t\t\t<div class=\"elementor-spacer\">\n\t\t\t<div class=\"elementor-spacer-inner\"><\/div>\n\t\t<\/div>\n\t\t\t\t<\/div>\n\t\t\t\t<\/div>\n\t\t            <\/div>\n        <\/div>\n                            <\/div>\n        <\/section>\n                <section class=\"elementor-section elementor-top-section elementor-element elementor-element-987448a elementor-section-boxed elementor-section-height-default elementor-section-height-default\" data-id=\"987448a\" data-element_type=\"section\" data-settings=\"{&quot;_ha_eqh_enable&quot;:false}\">\n            \n                        <div class=\"elementor-container elementor-column-gap-default \">\n                    <div class=\"elementor-column elementor-col-100 elementor-top-column elementor-element elementor-element-70146f2\" data-id=\"70146f2\" data-element_type=\"column\">\n            <div class=\"elementor-widget-wrap elementor-element-populated\">\n                        \t\t<div class=\"elementor-element elementor-element-93fbe10 elementor-widget elementor-widget-ct_accordion\" data-id=\"93fbe10\" data-element_type=\"widget\" data-widget_type=\"ct_accordion.default\">\n\t\t\t\t<div class=\"elementor-widget-container\">\n\t\t\t    <div id=\"ct_accordion-93fbe10\" class=\"ct-accordion layout1 style1 \">\r\n                    <div class=\"ct-accordion-item active\">\r\n                <div class=\"ct-ac-title active\" data-target=\"#74102d2ct_accordion-93fbe10\">\r\n                    <a class=\"ct-ac-title-text\">\r\n                        <i aria-hidden=\"true\" class=\"flaticonv3 flaticonv3-company\"><\/i>                                                Firmeninformation                    <\/a>\r\n                <\/div>\r\n                <div id=\"74102d2ct_accordion-93fbe10\" class=\"ct-ac-content\" style=\"display:block;\">Unternehmenstyp GEMEINSAME AKTIENGESELLSCHAFT<br \/>\n  Mersis 0330050240500013<br \/>\n  Handelsregisteramt BURSA<br \/>\n  Handelsregisternummer 53106<br \/>\n  Handelsname ELATEK KAU\u00c7UK SANAY\u0130 T\u0130CARET A.\u015e.<br \/>\n  Adresse DEM\u0130RTA\u015e ORGANISIERTE INDUSTRIEZONE \u00dc\u00c7G\u00dcL STREET NO.3 OSMANGAZ\u0130 \/ BURSA<br \/>\n  Kontaktdaten 0224 261 12 30 www.elatek.com.tr<br \/>\n  H\u00f6he des gebundenen Kapitals 10.000.000<br \/>\n  Betrag des eingezahlten Kapitals 10.000.000<br \/>\n  Registrierungsdatum 27.11.2002<br \/>\n  Finanzamt ERTU\u011eRULGAZ\u0130<br \/>\n  Steuernummer 3300502405<br \/>\n  Sektor GUMMI<\/div>\r\n            <\/div>\r\n                    <div class=\"ct-accordion-item \">\r\n                <div class=\"ct-ac-title \" data-target=\"#68a31f1ct_accordion-93fbe10\">\r\n                    <a class=\"ct-ac-title-text\">\r\n                        <i aria-hidden=\"true\" class=\"flaticon flaticon-teamwork\"><\/i>                                                Der Aufsichtsrat                    <\/a>\r\n                <\/div>\r\n                <div id=\"68a31f1ct_accordion-93fbe10\" class=\"ct-ac-content\">Verwaltungsratspr\u00e4sident H\u00fcseyin De\u011firmencio\u011flu<br \/>\nStellvertretender Vorstandsvorsitzender \u00c7i\u011fdem De\u011firmencio\u011flu<br \/>\nVorstandsmitglied G\u00f6n\u00fcl De\u011firmencio\u011flu<\/div>\r\n            <\/div>\r\n                    <div class=\"ct-accordion-item \">\r\n                <div class=\"ct-ac-title \" data-target=\"#896d312ct_accordion-93fbe10\">\r\n                    <a class=\"ct-ac-title-text\">\r\n                        <i aria-hidden=\"true\" class=\"material zmdi zmdi-assignment-check\"><\/i>                                                Wirtschaftspr\u00fcfer                    <\/a>\r\n                <\/div>\r\n                <div id=\"896d312ct_accordion-93fbe10\" class=\"ct-ac-content\"> \tD\u00f6nem \tYILLIK\t \t \t \t <br \/>\n \t\u0130sim Soyisim \/ Ticaret \u00dcnvan\u0131\tPWC BA\u011eIMSIZ DENET\u0130M VE SERBEST MUHASEBEC\u0130 MAL\u0130 M\u00dc\u015eAV\u0130RL\u0130K A.\u015e.\t <br \/>\n \tBa\u011f\u0131ms\u0131z Denetim Resmi Sicili\t201465\t \t \t \t <br \/>\n \tAdres\tS\u00dcLEYMAN SEBA CD. BJK PLAZA NO:48 E BLOK K:9 34357 BE\u015e\u0130KTA\u015e \t<\/div>\r\n            <\/div>\r\n            <\/div>\r\n\t\t<\/div>\n\t\t\t\t<\/div>\n\t\t\t\t<div class=\"elementor-element elementor-element-151e6de elementor-widget elementor-widget-spacer\" data-id=\"151e6de\" data-element_type=\"widget\" data-widget_type=\"spacer.default\">\n\t\t\t\t<div class=\"elementor-widget-container\">\n\t\t\t\t\t<div class=\"elementor-spacer\">\n\t\t\t<div class=\"elementor-spacer-inner\"><\/div>\n\t\t<\/div>\n\t\t\t\t<\/div>\n\t\t\t\t<\/div>\n\t\t            <\/div>\n        <\/div>\n                            <\/div>\n        <\/section>\n        \t\t\t\t<\/div>\n\t\t\t\t\t<\/div>\n\t\t","protected":false},"excerpt":{"rendered":"<p>Firmeninformation Unternehmenstyp GEMEINSAME AKTIENGESELLSCHAFT Mersis 0330050240500013 Handelsregisteramt BURSA Handelsregisternummer 53106 Handelsname ELATEK KAU\u00c7UK SANAY\u0130 T\u0130CARET A.\u015e. Adresse DEM\u0130RTA\u015e ORGANISIERTE INDUSTRIEZONE \u00dc\u00c7G\u00dcL STREET NO.3 OSMANGAZ\u0130 \/ BURSA Kontaktdaten 0224 261 12 30 www.elatek.com.tr H\u00f6he des gebundenen Kapitals 10.000.000 Betrag des eingezahlten Kapitals 10.000.000 Registrierungsdatum 27.11.2002 Finanzamt ERTU\u011eRULGAZ\u0130 Steuernummer 3300502405 Sektor GUMMI Der Aufsichtsrat Verwaltungsratspr\u00e4sident H\u00fcseyin De\u011firmencio\u011flu [&hellip;]<\/p>\n","protected":false},"author":1,"featured_media":0,"parent":0,"menu_order":0,"comment_status":"closed","ping_status":"closed","template":"","meta":[],"yoast_head":"<!-- This site is optimized with the Yoast SEO plugin v16.9 - https:\/\/yoast.com\/wordpress\/plugins\/seo\/ -->\n<title>Dienste der Informationsgesellschaft - Elatek<\/title>\n<meta name=\"robots\" content=\"index, follow, max-snippet:-1, max-image-preview:large, max-video-preview:-1\" \/>\n<link rel=\"canonical\" href=\"https:\/\/www.elatek.com.tr\/de\/dienste-der-informationsgesellschaft\/\" \/>\n<meta property=\"og:locale\" content=\"de_DE\" \/>\n<meta property=\"og:type\" content=\"article\" \/>\n<meta property=\"og:title\" content=\"Dienste der Informationsgesellschaft - Elatek\" \/>\n<meta property=\"og:description\" content=\"Firmeninformation Unternehmenstyp GEMEINSAME AKTIENGESELLSCHAFT Mersis 0330050240500013 Handelsregisteramt BURSA Handelsregisternummer 53106 Handelsname ELATEK KAU\u00c7UK SANAY\u0130 T\u0130CARET A.\u015e. Adresse DEM\u0130RTA\u015e ORGANISIERTE INDUSTRIEZONE \u00dc\u00c7G\u00dcL STREET NO.3 OSMANGAZ\u0130 \/ BURSA Kontaktdaten 0224 261 12 30 www.elatek.com.tr H\u00f6he des gebundenen Kapitals 10.000.000 Betrag des eingezahlten Kapitals 10.000.000 Registrierungsdatum 27.11.2002 Finanzamt ERTU\u011eRULGAZ\u0130 Steuernummer 3300502405 Sektor GUMMI Der Aufsichtsrat Verwaltungsratspr\u00e4sident H\u00fcseyin De\u011firmencio\u011flu [&hellip;]\" \/>\n<meta property=\"og:url\" content=\"https:\/\/www.elatek.com.tr\/de\/dienste-der-informationsgesellschaft\/\" \/>\n<meta property=\"og:site_name\" content=\"Elatek\" \/>\n<meta property=\"article:publisher\" content=\"https:\/\/tr-tr.facebook.com\/elatekkaucuksanticas\" \/>\n<meta property=\"article:modified_time\" content=\"2021-08-13T22:05:15+00:00\" \/>\n<meta name=\"twitter:card\" content=\"summary_large_image\" \/>\n<meta name=\"twitter:label1\" content=\"Gesch\u00e4tzte Lesezeit\" \/>\n\t<meta name=\"twitter:data1\" content=\"1 Minute\" \/>\n<script type=\"application\/ld+json\" class=\"yoast-schema-graph\">{\"@context\":\"https:\/\/schema.org\",\"@graph\":[{\"@type\":\"Organization\",\"@id\":\"https:\/\/www.elatek.com.tr\/de\/#organization\",\"name\":\"Elatek Kau\\u00e7uk Sanayi Ticaret A.\\u015e\",\"url\":\"https:\/\/www.elatek.com.tr\/de\/\",\"sameAs\":[\"https:\/\/tr-tr.facebook.com\/elatekkaucuksanticas\",\"https:\/\/www.instagram.com\/elatekkaucuk\/\",\"https:\/\/tr.linkedin.com\/company\/elatekkaucuk-san-tic-as\"],\"logo\":{\"@type\":\"ImageObject\",\"@id\":\"https:\/\/www.elatek.com.tr\/de\/#logo\",\"inLanguage\":\"de-DE\",\"url\":\"https:\/\/elatek.com.tr\/de\/wp-content\/uploads\/2021\/05\/logo_Normal.png\",\"contentUrl\":\"https:\/\/elatek.com.tr\/de\/wp-content\/uploads\/2021\/05\/logo_Normal.png\",\"width\":218,\"height\":43,\"caption\":\"Elatek Kau\\u00e7uk Sanayi Ticaret A.\\u015e\"},\"image\":{\"@id\":\"https:\/\/www.elatek.com.tr\/de\/#logo\"}},{\"@type\":\"WebSite\",\"@id\":\"https:\/\/www.elatek.com.tr\/de\/#website\",\"url\":\"https:\/\/www.elatek.com.tr\/de\/\",\"name\":\"Elatek Kau\\u00e7uk Sanayi Ticaret A.\\u015e\",\"description\":\"\",\"publisher\":{\"@id\":\"https:\/\/www.elatek.com.tr\/de\/#organization\"},\"potentialAction\":[{\"@type\":\"SearchAction\",\"target\":{\"@type\":\"EntryPoint\",\"urlTemplate\":\"https:\/\/www.elatek.com.tr\/de\/?s={search_term_string}\"},\"query-input\":\"required name=search_term_string\"}],\"inLanguage\":\"de-DE\"},{\"@type\":\"WebPage\",\"@id\":\"https:\/\/www.elatek.com.tr\/de\/dienste-der-informationsgesellschaft\/#webpage\",\"url\":\"https:\/\/www.elatek.com.tr\/de\/dienste-der-informationsgesellschaft\/\",\"name\":\"Dienste der Informationsgesellschaft - Elatek\",\"isPartOf\":{\"@id\":\"https:\/\/www.elatek.com.tr\/de\/#website\"},\"datePublished\":\"2021-05-20T07:02:11+00:00\",\"dateModified\":\"2021-08-13T22:05:15+00:00\",\"breadcrumb\":{\"@id\":\"https:\/\/www.elatek.com.tr\/de\/dienste-der-informationsgesellschaft\/#breadcrumb\"},\"inLanguage\":\"de-DE\",\"potentialAction\":[{\"@type\":\"ReadAction\",\"target\":[\"https:\/\/www.elatek.com.tr\/de\/dienste-der-informationsgesellschaft\/\"]}]},{\"@type\":\"BreadcrumbList\",\"@id\":\"https:\/\/www.elatek.com.tr\/de\/dienste-der-informationsgesellschaft\/#breadcrumb\",\"itemListElement\":[{\"@type\":\"ListItem\",\"position\":1,\"name\":\"Anasayfa\",\"item\":\"https:\/\/www.elatek.com.tr\/de\/\"},{\"@type\":\"ListItem\",\"position\":2,\"name\":\"Dienste der Informationsgesellschaft\"}]}]}<\/script>\n<!-- \/ Yoast SEO plugin. -->","yoast_head_json":{"title":"Dienste der Informationsgesellschaft - Elatek","robots":{"index":"index","follow":"follow","max-snippet":"max-snippet:-1","max-image-preview":"max-image-preview:large","max-video-preview":"max-video-preview:-1"},"canonical":"https:\/\/www.elatek.com.tr\/de\/dienste-der-informationsgesellschaft\/","og_locale":"de_DE","og_type":"article","og_title":"Dienste der Informationsgesellschaft - Elatek","og_description":"Firmeninformation Unternehmenstyp GEMEINSAME AKTIENGESELLSCHAFT Mersis 0330050240500013 Handelsregisteramt BURSA Handelsregisternummer 53106 Handelsname ELATEK KAU\u00c7UK SANAY\u0130 T\u0130CARET A.\u015e. Adresse DEM\u0130RTA\u015e ORGANISIERTE INDUSTRIEZONE \u00dc\u00c7G\u00dcL STREET NO.3 OSMANGAZ\u0130 \/ BURSA Kontaktdaten 0224 261 12 30 www.elatek.com.tr H\u00f6he des gebundenen Kapitals 10.000.000 Betrag des eingezahlten Kapitals 10.000.000 Registrierungsdatum 27.11.2002 Finanzamt ERTU\u011eRULGAZ\u0130 Steuernummer 3300502405 Sektor GUMMI Der Aufsichtsrat Verwaltungsratspr\u00e4sident H\u00fcseyin De\u011firmencio\u011flu [&hellip;]","og_url":"https:\/\/www.elatek.com.tr\/de\/dienste-der-informationsgesellschaft\/","og_site_name":"Elatek","article_publisher":"https:\/\/tr-tr.facebook.com\/elatekkaucuksanticas","article_modified_time":"2021-08-13T22:05:15+00:00","twitter_card":"summary_large_image","twitter_misc":{"Gesch\u00e4tzte Lesezeit":"1 Minute"},"schema":{"@context":"https:\/\/schema.org","@graph":[{"@type":"Organization","@id":"https:\/\/www.elatek.com.tr\/de\/#organization","name":"Elatek Kau\u00e7uk Sanayi Ticaret A.\u015e","url":"https:\/\/www.elatek.com.tr\/de\/","sameAs":["https:\/\/tr-tr.facebook.com\/elatekkaucuksanticas","https:\/\/www.instagram.com\/elatekkaucuk\/","https:\/\/tr.linkedin.com\/company\/elatekkaucuk-san-tic-as"],"logo":{"@type":"ImageObject","@id":"https:\/\/www.elatek.com.tr\/de\/#logo","inLanguage":"de-DE","url":"https:\/\/elatek.com.tr\/de\/wp-content\/uploads\/2021\/05\/logo_Normal.png","contentUrl":"https:\/\/elatek.com.tr\/de\/wp-content\/uploads\/2021\/05\/logo_Normal.png","width":218,"height":43,"caption":"Elatek Kau\u00e7uk Sanayi Ticaret A.\u015e"},"image":{"@id":"https:\/\/www.elatek.com.tr\/de\/#logo"}},{"@type":"WebSite","@id":"https:\/\/www.elatek.com.tr\/de\/#website","url":"https:\/\/www.elatek.com.tr\/de\/","name":"Elatek Kau\u00e7uk Sanayi Ticaret A.\u015e","description":"","publisher":{"@id":"https:\/\/www.elatek.com.tr\/de\/#organization"},"potentialAction":[{"@type":"SearchAction","target":{"@type":"EntryPoint","urlTemplate":"https:\/\/www.elatek.com.tr\/de\/?s={search_term_string}"},"query-input":"required name=search_term_string"}],"inLanguage":"de-DE"},{"@type":"WebPage","@id":"https:\/\/www.elatek.com.tr\/de\/dienste-der-informationsgesellschaft\/#webpage","url":"https:\/\/www.elatek.com.tr\/de\/dienste-der-informationsgesellschaft\/","name":"Dienste der Informationsgesellschaft - Elatek","isPartOf":{"@id":"https:\/\/www.elatek.com.tr\/de\/#website"},"datePublished":"2021-05-20T07:02:11+00:00","dateModified":"2021-08-13T22:05:15+00:00","breadcrumb":{"@id":"https:\/\/www.elatek.com.tr\/de\/dienste-der-informationsgesellschaft\/#breadcrumb"},"inLanguage":"de-DE","potentialAction":[{"@type":"ReadAction","target":["https:\/\/www.elatek.com.tr\/de\/dienste-der-informationsgesellschaft\/"]}]},{"@type":"BreadcrumbList","@id":"https:\/\/www.elatek.com.tr\/de\/dienste-der-informationsgesellschaft\/#breadcrumb","itemListElement":[{"@type":"ListItem","position":1,"name":"Anasayfa","item":"https:\/\/www.elatek.com.tr\/de\/"},{"@type":"ListItem","position":2,"name":"Dienste der Informationsgesellschaft"}]}]}},"_links":{"self":[{"href":"https:\/\/www.elatek.com.tr\/de\/wp-json\/wp\/v2\/pages\/4783"}],"collection":[{"href":"https:\/\/www.elatek.com.tr\/de\/wp-json\/wp\/v2\/pages"}],"about":[{"href":"https:\/\/www.elatek.com.tr\/de\/wp-json\/wp\/v2\/types\/page"}],"author":[{"embeddable":true,"href":"https:\/\/www.elatek.com.tr\/de\/wp-json\/wp\/v2\/users\/1"}],"replies":[{"embeddable":true,"href":"https:\/\/www.elatek.com.tr\/de\/wp-json\/wp\/v2\/comments?post=4783"}],"version-history":[{"count":24,"href":"https:\/\/www.elatek.com.tr\/de\/wp-json\/wp\/v2\/pages\/4783\/revisions"}],"predecessor-version":[{"id":5606,"href":"https:\/\/www.elatek.com.tr\/de\/wp-json\/wp\/v2\/pages\/4783\/revisions\/5606"}],"wp:attachment":[{"href":"https:\/\/www.elatek.com.tr\/de\/wp-json\/wp\/v2\/media?parent=4783"}],"curies":[{"name":"wp","href":"https:\/\/api.w.org\/{rel}","templated":true}]}}